{"id":52212,"date":"2023-03-20T13:34:35","date_gmt":"2023-03-20T12:34:35","guid":{"rendered":"https:\/\/ifr.uwr.edu.pl\/romanica-wratislaviensia\/procedura-recenzowania-romanica-wratislaviensia\/"},"modified":"2023-12-13T22:54:16","modified_gmt":"2023-12-13T21:54:16","slug":"procedura-recenzowania-romanica-wratislaviensia","status":"publish","type":"page","link":"https:\/\/ifr.uwr.edu.pl\/fr\/romanica-wratislaviensia\/procedura-recenzowania-romanica-wratislaviensia\/","title":{"rendered":"Proc\u00e9dure d&rsquo;\u00e9valuation des articles"},"content":{"rendered":"\n<div class=\"wp-block-ugb-container ugb-container blok_nowa_podstrona ugb-8dda971 ugb-container--v2 ugb-container--design-plain ugb-main-block\"><div class=\"ugb-inner-block\"><div class=\"ugb-block-content\"><div class=\"ugb-container__wrapper ugb-8dda971-wrapper\"><div class=\"ugb-container__side\"><div class=\"ugb-container__content-wrapper ugb-8dda971-content-wrapper\">\n<div class=\"wp-block-columns bs-news-page is-layout-flex wp-block-columns-is-layout-flex\">\n<div class=\"wp-block-column bs-kontakt-photo is-layout-flow wp-block-column-is-layout-flow\">\n<figure class=\"wp-block-image size-large\"><img loading=\"lazy\" decoding=\"async\" width=\"1024\" height=\"567\" src=\"https:\/\/ifr.uwr.edu.pl\/wp-content\/uploads\/sites\/246\/2023\/06\/20230601_093151-1024x567.jpg\" alt=\"rw\" class=\"wp-image-34029\" srcset=\"https:\/\/ifr.uwr.edu.pl\/wp-content\/uploads\/sites\/246\/2023\/06\/20230601_093151-1024x567.jpg 1024w, https:\/\/ifr.uwr.edu.pl\/wp-content\/uploads\/sites\/246\/2023\/06\/20230601_093151-300x166.jpg 300w, https:\/\/ifr.uwr.edu.pl\/wp-content\/uploads\/sites\/246\/2023\/06\/20230601_093151-768x425.jpg 768w, https:\/\/ifr.uwr.edu.pl\/wp-content\/uploads\/sites\/246\/2023\/06\/20230601_093151-1536x851.jpg 1536w, https:\/\/ifr.uwr.edu.pl\/wp-content\/uploads\/sites\/246\/2023\/06\/20230601_093151-2048x1134.jpg 2048w, https:\/\/ifr.uwr.edu.pl\/wp-content\/uploads\/sites\/246\/2023\/06\/20230601_093151-1320x731.jpg 1320w, https:\/\/ifr.uwr.edu.pl\/wp-content\/uploads\/sites\/246\/2023\/06\/20230601_093151-24x13.jpg 24w, https:\/\/ifr.uwr.edu.pl\/wp-content\/uploads\/sites\/246\/2023\/06\/20230601_093151-36x20.jpg 36w, https:\/\/ifr.uwr.edu.pl\/wp-content\/uploads\/sites\/246\/2023\/06\/20230601_093151-48x27.jpg 48w\" sizes=\"auto, (max-width: 1024px) 100vw, 1024px\" \/><\/figure>\n<\/div>\n\n\n\n<div class=\"wp-block-column bs-contact-right-column is-layout-flow wp-block-column-is-layout-flow\">\n<div class=\"wp-block-bonasoft-modular-breadcrumbs-block\"><div class=\"bs_add_breadcrumb_trail\"><\/div><\/div>\n\n\n\n<hr class=\"wp-block-separator has-text-color has-black-color has-css-opacity has-black-background-color has-background is-style-wide bs-border-kontakt\"\/>\n\n\n<h1 style=\"font-style:normal;font-weight:700;\" class=\"bs-naglowek-podstrony wp-block-post-title\">Proc\u00e9dure d&rsquo;\u00e9valuation des articles<\/h1>\n\n\n<p>La r\u00e9daction (le Comit\u00e9 de r\u00e9daction de la revue et le(s) responsable(s) du volume concern\u00e9) s\u00e9lectionne les propositions sur la base des r\u00e9sum\u00e9s re\u00e7us et apr\u00e8s consultation du Conseil scientifique&nbsp;; la s\u00e9lection se base sur la conformit\u00e9 de la proposition au th\u00e8me du volume et sur son niveau scientifique.<\/p>\n\n\n\n<p>Les auteurs sont susceptibles de recevoir de l\u2019\u00c9quipe de r\u00e9daction des recommandations de correction concernant la forme et le fond de leur article avant que celui-ci ne soit soumis aux \u00e9valuateurs. <\/p>\n<\/div>\n<\/div>\n\n\n\n<div class=\"wp-block-ugb-container ugb-container bs-news-page-under ugb-f8694ce ugb-container--v2 ugb-container--design-plain ugb-main-block\"><div class=\"ugb-inner-block\"><div class=\"ugb-block-content\"><div class=\"ugb-container__wrapper ugb-f8694ce-wrapper\"><div class=\"ugb-container__side\"><div class=\"ugb-container__content-wrapper ugb-f8694ce-content-wrapper\">\n<p>Tous les articles sont soumis \u00e0 deux \u00e9valuateurs ext\u00e9rieurs \u00e0 l&rsquo;Universit\u00e9 de Wroc\u0142aw (dont, si possible, un \u00e9valuateur affili\u00e9 \u00e0 une institution \u00e9trang\u00e8re)&nbsp;; les auteurs et \u00e9valuateurs restent anonymes (<em>double blind review process<\/em>). L&rsquo;\u00e9valuation porte sur l&rsquo;importance et la formulation du sujet trait\u00e9, le choix des m\u00e9thodes de recherche, la clart\u00e9 de l&rsquo;expos\u00e9, la correction linguistique et la qualit\u00e9 des sources (les \u00e9valuateurs remplissent un formulaire tenant compte de ces crit\u00e8res et sont cens\u00e9s justifier leurs remarques).<\/p>\n\n\n\n<p>La r\u00e9daction se base sur ces \u00e9valuations (\u00e9crites) pour d\u00e9cider des articles \u00e0 publier. Les \u00e9valuations ont aussi pour objet d&rsquo;aider les auteurs \u00e0 corriger leurs travaux. Elles sont cens\u00e9es \u00eatre honn\u00eates, objectives, impartiales et motiv\u00e9es, et portent exclusivement sur le texte, jamais sur la personnalit\u00e9 de l&rsquo;auteur. Les \u00e9valuateurs sont cens\u00e9s signaler \u00e0 la r\u00e9daction les \u00e9ventuels conflits d&rsquo;int\u00e9r\u00eats ainsi que tout soup\u00e7on d&rsquo;exploitation de travaux d&rsquo;autres auteurs sans citation de source. Les \u00e9valuateurs s&rsquo;engagent \u00e0 ne rien divulguer du processus d&rsquo;\u00e9valuation, du contenu des textes qui leur sont soumis, et de leur \u00e9valuation. <\/p>\n\n\n\n<p>Les \u00e9valuations d\u00e9bouchent sur une recommandation de publier (\u00e9ventuellement apr\u00e8s correction de l&rsquo;article) ou sur un avis de rejet.<\/p>\n\n\n\n<p>Les textes ayant re\u00e7u deux \u00e9valuations non concordantes sont soumis \u00e0 un troisi\u00e8me \u00e9valuateur qui n&rsquo;est pas inform\u00e9 des premi\u00e8res \u00e9valuations.<\/p>\n\n\n\n<p>Les commentaires des \u00e9valuateurs sont communiqu\u00e9s \u00e0 l&rsquo;auteur et restent anonymes. Le cas \u00e9ch\u00e9ant, les auteurs sont tenus corriger leurs articles dans le d\u00e9lai indiqu\u00e9 en tenant compte des remarques des \u00e9valuateurs. Si n\u00e9cessaire, le texte peut \u00eatre \u00e0 nouveau soumis \u00e0 \u00e9valuation. La d\u00e9cision de publication des textes ayant re\u00e7u des avis positifs appartient \u00e0 l&rsquo;\u00e9quipe de r\u00e9daction, apr\u00e8s consultation du Conseil scientifique.<\/p>\n\n\n\n<p>Les responsables des volumes de&nbsp;<em>Romanica Wratislaviensia<\/em>&nbsp;qui publient leurs travaux dans la revue sont soumis au m\u00eame processus d&rsquo;\u00e9valuation. Les \u00e9valuateurs ne peuvent publier de travaux dans le volume auquel ils participent comme \u00e9valuateurs.<\/p>\n\n\n\n<p>La liste des \u00e9valuateurs est publi\u00e9e dans chaque volume, mais sans indication des articles qui leur ont \u00e9t\u00e9 soumis.<\/p>\n\n\n\n<p><a href=\"http:\/\/ifr.uwr.edu.pl\/wp-content\/uploads\/sites\/246\/2023\/05\/formulaire_devaluation.pdf\" target=\"_blank\" rel=\"noreferrer noopener\">FORMULAIRE DE L&rsquo;\u00c9VALUATION<\/a><\/p>\n<\/div><\/div><\/div><\/div><\/div><\/div>\n<\/div><\/div><\/div><\/div><\/div><\/div>\n","protected":false},"excerpt":{"rendered":"<p>La r\u00e9daction (le Comit\u00e9 de r\u00e9daction de la revue et le(s) responsable(s) du volume concern\u00e9) s\u00e9lectionne les propositions sur la base des r\u00e9sum\u00e9s re\u00e7us et apr\u00e8s consultation du Conseil scientifique&nbsp;; la s\u00e9lection se base sur la conformit\u00e9 de la proposition au th\u00e8me du volume et sur son niveau scientifique. Les auteurs sont susceptibles de recevoir [&hellip;]<\/p>\n","protected":false},"author":37,"featured_media":0,"parent":41759,"menu_order":3,"comment_status":"closed","ping_status":"closed","template":"","meta":{"_acf_changed":false,"inline_featured_image":false,"site-sidebar-layout":"default","site-content-layout":"","ast-site-content-layout":"default","site-content-style":"default","site-sidebar-style":"default","ast-global-header-display":"","ast-banner-title-visibility":"","ast-main-header-display":"","ast-hfb-above-header-display":"","ast-hfb-below-header-display":"","ast-hfb-mobile-header-display":"","site-post-title":"","ast-breadcrumbs-content":"","ast-featured-img":"","footer-sml-layout":"","ast-disable-related-posts":"","theme-transparent-header-meta":"","adv-header-id-meta":"","stick-header-meta":"","header-above-stick-meta":"","header-main-stick-meta":"","header-below-stick-meta":"","astra-migrate-meta-layouts":"default","ast-page-background-enabled":"default","ast-page-background-meta":{"desktop":{"background-color":"","background-image":"","background-repeat":"repeat","background-position":"center center","background-size":"auto","background-attachment":"scroll","background-type":"","background-media":"","overlay-type":"","overlay-color":"","overlay-opacity":"","overlay-gradient":""},"tablet":{"background-color":"","background-image":"","background-repeat":"repeat","background-position":"center center","background-size":"auto","background-attachment":"scroll","background-type":"","background-media":"","overlay-type":"","overlay-color":"","overlay-opacity":"","overlay-gradient":""},"mobile":{"background-color":"","background-image":"","background-repeat":"repeat","background-position":"center center","background-size":"auto","background-attachment":"scroll","background-type":"","background-media":"","overlay-type":"","overlay-color":"","overlay-opacity":"","overlay-gradient":""}},"ast-content-background-meta":{"desktop":{"background-color":"var(--ast-global-color-5)","background-image":"","background-repeat":"repeat","background-position":"center center","background-size":"auto","background-attachment":"scroll","background-type":"","background-media":"","overlay-type":"","overlay-color":"","overlay-opacity":"","overlay-gradient":""},"tablet":{"background-color":"var(--ast-global-color-5)","background-image":"","background-repeat":"repeat","background-position":"center center","background-size":"auto","background-attachment":"scroll","background-type":"","background-media":"","overlay-type":"","overlay-color":"","overlay-opacity":"","overlay-gradient":""},"mobile":{"background-color":"var(--ast-global-color-5)","background-image":"","background-repeat":"repeat","background-position":"center center","background-size":"auto","background-attachment":"scroll","background-type":"","background-media":"","overlay-type":"","overlay-color":"","overlay-opacity":"","overlay-gradient":""}},"footnotes":""},"categories":[],"tags":[],"class_list":["post-52212","page","type-page","status-publish","hentry"],"featured_image_urls_v2":{"full":"","thumbnail":"","medium":"","medium_large":"","large":"","1536x1536":"","2048x2048":"","menu-24x24":"","menu-36x36":"","menu-48x48":""},"post_excerpt_stackable_v2":"<p>Proc\u00e9dure d&rsquo;\u00e9valuation des articles La r\u00e9daction (le Comit\u00e9 de r\u00e9daction de la revue et le(s) responsable(s) du volume concern\u00e9) s\u00e9lectionne les propositions sur la base des r\u00e9sum\u00e9s re\u00e7us et apr\u00e8s consultation du Conseil scientifique&nbsp;; la s\u00e9lection se base sur la conformit\u00e9 de la proposition au th\u00e8me du volume et sur son niveau scientifique. Les auteurs sont susceptibles de recevoir de l\u2019\u00c9quipe de r\u00e9daction des recommandations de correction concernant la forme et le fond de leur article avant que celui-ci ne soit soumis aux \u00e9valuateurs. Tous les articles sont soumis \u00e0 deux \u00e9valuateurs ext\u00e9rieurs \u00e0 l&rsquo;Universit\u00e9 de Wroc\u0142aw (dont, si possible,\u2026<\/p>\n","category_list_v2":"Non class\u00e9","author_info_v2":{"name":"Izabela Jaraszek","url":"https:\/\/ifr.uwr.edu.pl\/fr\/author\/ijaraszek\/"},"comments_num_v2":"0 commentaire","acf":[],"yoast_head":"<!-- This site is optimized with the Yoast SEO plugin v27.1.1 - https:\/\/yoast.com\/product\/yoast-seo-wordpress\/ -->\n<title>Proc\u00e9dure d&#039;\u00e9valuation des articles - Instytut Filologii Roma\u0144skiej<\/title>\n<meta name=\"robots\" content=\"index, follow, max-snippet:-1, max-image-preview:large, max-video-preview:-1\" \/>\n<link rel=\"canonical\" href=\"https:\/\/ifr.uwr.edu.pl\/romanica-wratislaviensia\/procedura-recenzowania-romanica-wratislaviensia\/\" \/>\n<meta property=\"og:locale\" content=\"fr_FR\" \/>\n<meta property=\"og:type\" content=\"article\" \/>\n<meta property=\"og:title\" content=\"Proc\u00e9dure d&#039;\u00e9valuation des articles - Instytut Filologii Roma\u0144skiej\" \/>\n<meta property=\"og:description\" content=\"La r\u00e9daction (le Comit\u00e9 de r\u00e9daction de la revue et le(s) responsable(s) du volume concern\u00e9) s\u00e9lectionne les propositions sur la base des r\u00e9sum\u00e9s re\u00e7us et apr\u00e8s consultation du Conseil scientifique&nbsp;; la s\u00e9lection se base sur la conformit\u00e9 de la proposition au th\u00e8me du volume et sur son niveau scientifique. Les auteurs sont susceptibles de recevoir [&hellip;]\" \/>\n<meta property=\"og:url\" content=\"https:\/\/ifr.uwr.edu.pl\/romanica-wratislaviensia\/procedura-recenzowania-romanica-wratislaviensia\/\" \/>\n<meta property=\"og:site_name\" content=\"Instytut Filologii Roma\u0144skiej\" \/>\n<meta property=\"article:modified_time\" content=\"2023-12-13T21:54:16+00:00\" \/>\n<meta property=\"og:image\" content=\"https:\/\/ifr.uwr.edu.pl\/wp-content\/uploads\/sites\/246\/2023\/06\/20230601_093151-1024x567.jpg\" \/>\n<meta name=\"twitter:card\" content=\"summary_large_image\" \/>\n<meta name=\"twitter:label1\" content=\"Dur\u00e9e de lecture estim\u00e9e\" \/>\n\t<meta name=\"twitter:data1\" content=\"3 minutes\" \/>\n<script type=\"application\/ld+json\" class=\"yoast-schema-graph\">{\"@context\":\"https:\/\/schema.org\",\"@graph\":[{\"@type\":\"WebPage\",\"@id\":\"https:\/\/ifr.uwr.edu.pl\/romanica-wratislaviensia\/procedura-recenzowania-romanica-wratislaviensia\/\",\"url\":\"https:\/\/ifr.uwr.edu.pl\/romanica-wratislaviensia\/procedura-recenzowania-romanica-wratislaviensia\/\",\"name\":\"Proc\u00e9dure d'\u00e9valuation des articles - Instytut Filologii Roma\u0144skiej\",\"isPartOf\":{\"@id\":\"https:\/\/ifr.uwr.edu.pl\/pl\/#website\"},\"primaryImageOfPage\":{\"@id\":\"https:\/\/ifr.uwr.edu.pl\/romanica-wratislaviensia\/procedura-recenzowania-romanica-wratislaviensia\/#primaryimage\"},\"image\":{\"@id\":\"https:\/\/ifr.uwr.edu.pl\/romanica-wratislaviensia\/procedura-recenzowania-romanica-wratislaviensia\/#primaryimage\"},\"thumbnailUrl\":\"https:\/\/ifr.uwr.edu.pl\/wp-content\/uploads\/sites\/246\/2023\/06\/20230601_093151-1024x567.jpg\",\"datePublished\":\"2023-03-20T12:34:35+00:00\",\"dateModified\":\"2023-12-13T21:54:16+00:00\",\"breadcrumb\":{\"@id\":\"https:\/\/ifr.uwr.edu.pl\/romanica-wratislaviensia\/procedura-recenzowania-romanica-wratislaviensia\/#breadcrumb\"},\"inLanguage\":\"fr-FR\",\"potentialAction\":[{\"@type\":\"ReadAction\",\"target\":[\"https:\/\/ifr.uwr.edu.pl\/romanica-wratislaviensia\/procedura-recenzowania-romanica-wratislaviensia\/\"]}]},{\"@type\":\"ImageObject\",\"inLanguage\":\"fr-FR\",\"@id\":\"https:\/\/ifr.uwr.edu.pl\/romanica-wratislaviensia\/procedura-recenzowania-romanica-wratislaviensia\/#primaryimage\",\"url\":\"https:\/\/ifr.uwr.edu.pl\/wp-content\/uploads\/sites\/246\/2023\/06\/20230601_093151-1024x567.jpg\",\"contentUrl\":\"https:\/\/ifr.uwr.edu.pl\/wp-content\/uploads\/sites\/246\/2023\/06\/20230601_093151-1024x567.jpg\"},{\"@type\":\"BreadcrumbList\",\"@id\":\"https:\/\/ifr.uwr.edu.pl\/romanica-wratislaviensia\/procedura-recenzowania-romanica-wratislaviensia\/#breadcrumb\",\"itemListElement\":[{\"@type\":\"ListItem\",\"position\":1,\"name\":\"Strona g\u0142\u00f3wna\",\"item\":\"https:\/\/ifr.uwr.edu.pl\/\"},{\"@type\":\"ListItem\",\"position\":2,\"name\":\"Romanica Wratislaviensia\",\"item\":\"https:\/\/ifr.uwr.edu.pl\/romanica-wratislaviensia\/\"},{\"@type\":\"ListItem\",\"position\":3,\"name\":\"Proc\u00e9dure d&#8217;\u00e9valuation des articles\"}]},{\"@type\":\"WebSite\",\"@id\":\"https:\/\/ifr.uwr.edu.pl\/pl\/#website\",\"url\":\"https:\/\/ifr.uwr.edu.pl\/pl\/\",\"name\":\"Instytut Filologii Roma\u0144skiej\",\"description\":\"Kolejna witryna sieci \u201eUWR Witryny\u201d\",\"potentialAction\":[{\"@type\":\"SearchAction\",\"target\":{\"@type\":\"EntryPoint\",\"urlTemplate\":\"https:\/\/ifr.uwr.edu.pl\/pl\/?s={search_term_string}\"},\"query-input\":{\"@type\":\"PropertyValueSpecification\",\"valueRequired\":true,\"valueName\":\"search_term_string\"}}],\"inLanguage\":\"fr-FR\"}]}<\/script>\n<!-- \/ Yoast SEO plugin. -->","yoast_head_json":{"title":"Proc\u00e9dure d'\u00e9valuation des articles - Instytut Filologii Roma\u0144skiej","robots":{"index":"index","follow":"follow","max-snippet":"max-snippet:-1","max-image-preview":"max-image-preview:large","max-video-preview":"max-video-preview:-1"},"canonical":"https:\/\/ifr.uwr.edu.pl\/romanica-wratislaviensia\/procedura-recenzowania-romanica-wratislaviensia\/","og_locale":"fr_FR","og_type":"article","og_title":"Proc\u00e9dure d'\u00e9valuation des articles - Instytut Filologii Roma\u0144skiej","og_description":"La r\u00e9daction (le Comit\u00e9 de r\u00e9daction de la revue et le(s) responsable(s) du volume concern\u00e9) s\u00e9lectionne les propositions sur la base des r\u00e9sum\u00e9s re\u00e7us et apr\u00e8s consultation du Conseil scientifique&nbsp;; la s\u00e9lection se base sur la conformit\u00e9 de la proposition au th\u00e8me du volume et sur son niveau scientifique. Les auteurs sont susceptibles de recevoir [&hellip;]","og_url":"https:\/\/ifr.uwr.edu.pl\/romanica-wratislaviensia\/procedura-recenzowania-romanica-wratislaviensia\/","og_site_name":"Instytut Filologii Roma\u0144skiej","article_modified_time":"2023-12-13T21:54:16+00:00","og_image":[{"url":"https:\/\/ifr.uwr.edu.pl\/wp-content\/uploads\/sites\/246\/2023\/06\/20230601_093151-1024x567.jpg","type":"","width":"","height":""}],"twitter_card":"summary_large_image","twitter_misc":{"Dur\u00e9e de lecture estim\u00e9e":"3 minutes"},"schema":{"@context":"https:\/\/schema.org","@graph":[{"@type":"WebPage","@id":"https:\/\/ifr.uwr.edu.pl\/romanica-wratislaviensia\/procedura-recenzowania-romanica-wratislaviensia\/","url":"https:\/\/ifr.uwr.edu.pl\/romanica-wratislaviensia\/procedura-recenzowania-romanica-wratislaviensia\/","name":"Proc\u00e9dure d'\u00e9valuation des articles - Instytut Filologii Roma\u0144skiej","isPartOf":{"@id":"https:\/\/ifr.uwr.edu.pl\/pl\/#website"},"primaryImageOfPage":{"@id":"https:\/\/ifr.uwr.edu.pl\/romanica-wratislaviensia\/procedura-recenzowania-romanica-wratislaviensia\/#primaryimage"},"image":{"@id":"https:\/\/ifr.uwr.edu.pl\/romanica-wratislaviensia\/procedura-recenzowania-romanica-wratislaviensia\/#primaryimage"},"thumbnailUrl":"https:\/\/ifr.uwr.edu.pl\/wp-content\/uploads\/sites\/246\/2023\/06\/20230601_093151-1024x567.jpg","datePublished":"2023-03-20T12:34:35+00:00","dateModified":"2023-12-13T21:54:16+00:00","breadcrumb":{"@id":"https:\/\/ifr.uwr.edu.pl\/romanica-wratislaviensia\/procedura-recenzowania-romanica-wratislaviensia\/#breadcrumb"},"inLanguage":"fr-FR","potentialAction":[{"@type":"ReadAction","target":["https:\/\/ifr.uwr.edu.pl\/romanica-wratislaviensia\/procedura-recenzowania-romanica-wratislaviensia\/"]}]},{"@type":"ImageObject","inLanguage":"fr-FR","@id":"https:\/\/ifr.uwr.edu.pl\/romanica-wratislaviensia\/procedura-recenzowania-romanica-wratislaviensia\/#primaryimage","url":"https:\/\/ifr.uwr.edu.pl\/wp-content\/uploads\/sites\/246\/2023\/06\/20230601_093151-1024x567.jpg","contentUrl":"https:\/\/ifr.uwr.edu.pl\/wp-content\/uploads\/sites\/246\/2023\/06\/20230601_093151-1024x567.jpg"},{"@type":"BreadcrumbList","@id":"https:\/\/ifr.uwr.edu.pl\/romanica-wratislaviensia\/procedura-recenzowania-romanica-wratislaviensia\/#breadcrumb","itemListElement":[{"@type":"ListItem","position":1,"name":"Strona g\u0142\u00f3wna","item":"https:\/\/ifr.uwr.edu.pl\/"},{"@type":"ListItem","position":2,"name":"Romanica Wratislaviensia","item":"https:\/\/ifr.uwr.edu.pl\/romanica-wratislaviensia\/"},{"@type":"ListItem","position":3,"name":"Proc\u00e9dure d&#8217;\u00e9valuation des articles"}]},{"@type":"WebSite","@id":"https:\/\/ifr.uwr.edu.pl\/pl\/#website","url":"https:\/\/ifr.uwr.edu.pl\/pl\/","name":"Instytut Filologii Roma\u0144skiej","description":"Kolejna witryna sieci \u201eUWR Witryny\u201d","potentialAction":[{"@type":"SearchAction","target":{"@type":"EntryPoint","urlTemplate":"https:\/\/ifr.uwr.edu.pl\/pl\/?s={search_term_string}"},"query-input":{"@type":"PropertyValueSpecification","valueRequired":true,"valueName":"search_term_string"}}],"inLanguage":"fr-FR"}]}},"publishpress_future_action":{"enabled":false,"date":"2026-05-21 08:13:03","action":"change-status","newStatus":"draft","terms":[],"taxonomy":"category","extraData":[]},"publishpress_future_workflow_manual_trigger":{"enabledWorkflows":[]},"_links":{"self":[{"href":"https:\/\/ifr.uwr.edu.pl\/fr\/wp-json\/wp\/v2\/pages\/52212\/"}],"collection":[{"href":"https:\/\/ifr.uwr.edu.pl\/fr\/wp-json\/wp\/v2\/pages\/"}],"about":[{"href":"https:\/\/ifr.uwr.edu.pl\/fr\/wp-json\/wp\/v2\/types\/page\/"}],"author":[{"embeddable":true,"href":"https:\/\/ifr.uwr.edu.pl\/fr\/wp-json\/wp\/v2\/users\/37\/"}],"replies":[{"embeddable":true,"href":"https:\/\/ifr.uwr.edu.pl\/fr\/wp-json\/wp\/v2\/comments\/?post=52212"}],"version-history":[{"count":3,"href":"https:\/\/ifr.uwr.edu.pl\/fr\/wp-json\/wp\/v2\/pages\/52212\/revisions\/"}],"predecessor-version":[{"id":56364,"href":"https:\/\/ifr.uwr.edu.pl\/fr\/wp-json\/wp\/v2\/pages\/52212\/revisions\/56364\/"}],"up":[{"embeddable":true,"href":"https:\/\/ifr.uwr.edu.pl\/fr\/wp-json\/wp\/v2\/pages\/41759\/"}],"wp:attachment":[{"href":"https:\/\/ifr.uwr.edu.pl\/fr\/wp-json\/wp\/v2\/media\/?parent=52212"}],"wp:term":[{"taxonomy":"category","embeddable":true,"href":"https:\/\/ifr.uwr.edu.pl\/fr\/wp-json\/wp\/v2\/categories\/?post=52212"},{"taxonomy":"post_tag","embeddable":true,"href":"https:\/\/ifr.uwr.edu.pl\/fr\/wp-json\/wp\/v2\/tags\/?post=52212"}],"curies":[{"name":"wp","href":"https:\/\/api.w.org\/{rel}","templated":true}]}}