{"id":49029,"date":"2023-06-14T16:23:14","date_gmt":"2023-06-14T14:23:14","guid":{"rendered":"https:\/\/ifr.uwr.edu.pl\/italica-wratislaviensia\/call-for-papers\/"},"modified":"2026-01-23T13:37:12","modified_gmt":"2026-01-23T12:37:12","slug":"call-for-papers","status":"publish","type":"page","link":"https:\/\/ifr.uwr.edu.pl\/en\/italica-wratislaviensia\/call-for-papers\/","title":{"rendered":"Call for papers"},"content":{"rendered":"\n<div class=\"wp-block-ugb-container ugb-container blok_nowa_podstrona ugb-8dda971 ugb-container--v2 ugb-container--design-plain ugb-main-block\"><div class=\"ugb-inner-block\"><div class=\"ugb-block-content\"><div class=\"ugb-container__wrapper ugb-8dda971-wrapper\"><div class=\"ugb-container__side\"><div class=\"ugb-container__content-wrapper ugb-8dda971-content-wrapper\">\n<div class=\"wp-block-columns bs-news-page is-layout-flex wp-block-columns-is-layout-flex\">\n<div class=\"wp-block-column bs-kontakt-photo is-layout-flow wp-block-column-is-layout-flow\">\n<figure class=\"wp-block-image size-large\"><img loading=\"lazy\" decoding=\"async\" width=\"1024\" height=\"683\" src=\"https:\/\/ifr.uwr.edu.pl\/wp-content\/uploads\/sites\/246\/2023\/03\/ksiazka-z-literami-1024x683.png\" alt=\"book with letters\" class=\"wp-image-24273\" srcset=\"https:\/\/ifr.uwr.edu.pl\/wp-content\/uploads\/sites\/246\/2023\/03\/ksiazka-z-literami-1024x683.png 1024w, https:\/\/ifr.uwr.edu.pl\/wp-content\/uploads\/sites\/246\/2023\/03\/ksiazka-z-literami-300x200.png 300w, https:\/\/ifr.uwr.edu.pl\/wp-content\/uploads\/sites\/246\/2023\/03\/ksiazka-z-literami-768x512.png 768w, https:\/\/ifr.uwr.edu.pl\/wp-content\/uploads\/sites\/246\/2023\/03\/ksiazka-z-literami-1536x1024.png 1536w, https:\/\/ifr.uwr.edu.pl\/wp-content\/uploads\/sites\/246\/2023\/03\/ksiazka-z-literami-2048x1365.png 2048w, https:\/\/ifr.uwr.edu.pl\/wp-content\/uploads\/sites\/246\/2023\/03\/ksiazka-z-literami-1320x880.png 1320w, https:\/\/ifr.uwr.edu.pl\/wp-content\/uploads\/sites\/246\/2023\/03\/ksiazka-z-literami-24x16.png 24w, https:\/\/ifr.uwr.edu.pl\/wp-content\/uploads\/sites\/246\/2023\/03\/ksiazka-z-literami-36x24.png 36w, https:\/\/ifr.uwr.edu.pl\/wp-content\/uploads\/sites\/246\/2023\/03\/ksiazka-z-literami-48x32.png 48w, https:\/\/ifr.uwr.edu.pl\/wp-content\/uploads\/sites\/246\/2023\/03\/ksiazka-z-literami.png 1600w\" sizes=\"auto, (max-width: 1024px) 100vw, 1024px\" \/><\/figure>\n<\/div>\n\n\n\n<div class=\"wp-block-column bs-contact-right-column is-layout-flow wp-block-column-is-layout-flow\">\n<div class=\"wp-block-bonasoft-modular-breadcrumbs-block\"><div class=\"bs_add_breadcrumb_trail\"><\/div><\/div>\n\n\n\n<hr class=\"wp-block-separator has-text-color has-black-color has-css-opacity has-black-background-color has-background is-style-wide bs-border-kontakt\"\/>\n\n\n<h1 style=\"font-style:normal;font-weight:700;\" class=\"bs-naglowek-podstrony wp-block-post-title\">Call for papers<\/h1>\n\n\n<p>Czasopismo \u201eItalica Wratislaviensia\u201d prowadzi <strong>cykliczny nab\u00f3r tekst\u00f3w<\/strong> do numer\u00f3w tematycznych. <strong>W 2026 roku<\/strong> planujemy numer<strong> po\u015bwi\u0119cony zagadnieniom j\u0119zykoznawczym<\/strong>, za kt\u00f3rego redakcj\u0119 odpowiada <strong>dr hab. Daniel S\u0142apek, prof. UJ<\/strong>.\u00a0<\/p>\n\n\n\n<p>Zach\u0119camy r\u00f3wnie\u017c do<strong> nadsy\u0142ania propozycji artyku\u0142\u00f3w lub abstrakt\u00f3w w ramach sta\u0142ego naboru.<\/strong><\/p>\n\n\n<div class=\"wp-block-bonasoft-modular-file-list2\">\r\n    <div class=\"bs__file-list\">\r\n        <div class=\"bs__file-list__section\">\r\n            <ul class=\"bs__file-list__list\">\r\n                            <\/ul>\r\n        <\/div>\r\n    <\/div>\r\n<\/div>\r\n<\/div>\n<\/div>\n\n\n\n<div class=\"wp-block-stackable-separator alignfull stk-block-separator stk--no-padding stk-block stk-3c788d4\" data-block-id=\"3c788d4\"><div class=\"stk-block-separator__inner\"><svg xmlns=\"http:\/\/www.w3.org\/2000\/svg\" viewBox=\"0 0 1600 200\" class=\"stk-separator__layer-1\" preserveAspectRatio=\"none\" aria-hidden=\"true\"><path class=\"wave-1_svg__st2\" d=\"M1341.4 48.9c-182.4 0-254.2 80.4-429.4 80.4-117.8 0-209.7-67.5-393.5-67.5-142.2 0-212.6 38.8-324.6 38.8S-10 64.7-10 64.7V210h1620V102c-110.6-40.2-181-53.1-268.6-53.1z\"><\/path><\/svg><\/div><\/div>\n<\/div><\/div><\/div><\/div><\/div><\/div>\n","protected":false},"excerpt":{"rendered":"<p>Czasopismo \u201eItalica Wratislaviensia\u201d prowadzi cykliczny nab\u00f3r tekst\u00f3w do numer\u00f3w tematycznych. W 2026 roku planujemy numer po\u015bwi\u0119cony zagadnieniom j\u0119zykoznawczym, za kt\u00f3rego redakcj\u0119 odpowiada dr hab. Daniel S\u0142apek, prof. UJ.\u00a0 Zach\u0119camy r\u00f3wnie\u017c do nadsy\u0142ania propozycji artyku\u0142\u00f3w lub abstrakt\u00f3w w ramach sta\u0142ego naboru.<\/p>\n","protected":false},"author":4320,"featured_media":0,"parent":39744,"menu_order":9,"comment_status":"closed","ping_status":"closed","template":"","meta":{"_acf_changed":false,"inline_featured_image":false,"site-sidebar-layout":"default","site-content-layout":"","ast-site-content-layout":"default","site-content-style":"default","site-sidebar-style":"default","ast-global-header-display":"","ast-banner-title-visibility":"","ast-main-header-display":"","ast-hfb-above-header-display":"","ast-hfb-below-header-display":"","ast-hfb-mobile-header-display":"","site-post-title":"","ast-breadcrumbs-content":"","ast-featured-img":"","footer-sml-layout":"","ast-disable-related-posts":"","theme-transparent-header-meta":"","adv-header-id-meta":"","stick-header-meta":"","header-above-stick-meta":"","header-main-stick-meta":"","header-below-stick-meta":"","astra-migrate-meta-layouts":"default","ast-page-background-enabled":"default","ast-page-background-meta":{"desktop":{"background-color":"","background-image":"","background-repeat":"repeat","background-position":"center center","background-size":"auto","background-attachment":"scroll","background-type":"","background-media":"","overlay-type":"","overlay-color":"","overlay-opacity":"","overlay-gradient":""},"tablet":{"background-color":"","background-image":"","background-repeat":"repeat","background-position":"center center","background-size":"auto","background-attachment":"scroll","background-type":"","background-media":"","overlay-type":"","overlay-color":"","overlay-opacity":"","overlay-gradient":""},"mobile":{"background-color":"","background-image":"","background-repeat":"repeat","background-position":"center center","background-size":"auto","background-attachment":"scroll","background-type":"","background-media":"","overlay-type":"","overlay-color":"","overlay-opacity":"","overlay-gradient":""}},"ast-content-background-meta":{"desktop":{"background-color":"var(--ast-global-color-5)","background-image":"","background-repeat":"repeat","background-position":"center center","background-size":"auto","background-attachment":"scroll","background-type":"","background-media":"","overlay-type":"","overlay-color":"","overlay-opacity":"","overlay-gradient":""},"tablet":{"background-color":"var(--ast-global-color-5)","background-image":"","background-repeat":"repeat","background-position":"center center","background-size":"auto","background-attachment":"scroll","background-type":"","background-media":"","overlay-type":"","overlay-color":"","overlay-opacity":"","overlay-gradient":""},"mobile":{"background-color":"var(--ast-global-color-5)","background-image":"","background-repeat":"repeat","background-position":"center center","background-size":"auto","background-attachment":"scroll","background-type":"","background-media":"","overlay-type":"","overlay-color":"","overlay-opacity":"","overlay-gradient":""}},"footnotes":""},"categories":[],"tags":[],"class_list":["post-49029","page","type-page","status-publish","hentry"],"featured_image_urls_v2":{"full":"","thumbnail":"","medium":"","medium_large":"","large":"","1536x1536":"","2048x2048":"","menu-24x24":"","menu-36x36":"","menu-48x48":""},"post_excerpt_stackable_v2":"<p>Call for papers Czasopismo \u201eItalica Wratislaviensia\u201d prowadzi cykliczny nab\u00f3r tekst\u00f3w do numer\u00f3w tematycznych. W 2026 roku planujemy numer po\u015bwi\u0119cony zagadnieniom j\u0119zykoznawczym, za kt\u00f3rego redakcj\u0119 odpowiada dr hab. Daniel S\u0142apek, prof. UJ.\u00a0 Zach\u0119camy r\u00f3wnie\u017c do nadsy\u0142ania propozycji artyku\u0142\u00f3w lub abstrakt\u00f3w w ramach sta\u0142ego naboru.<\/p>\n","category_list_v2":"Uncategorized","author_info_v2":{"name":"laurapillon","url":"https:\/\/ifr.uwr.edu.pl\/en\/author\/s341339\/"},"comments_num_v2":"0 comments","acf":[],"yoast_head":"<!-- This site is optimized with the Yoast SEO plugin v27.1.1 - https:\/\/yoast.com\/product\/yoast-seo-wordpress\/ -->\n<title>Call for papers - Instytut Filologii Roma\u0144skiej<\/title>\n<meta name=\"robots\" content=\"index, follow, max-snippet:-1, max-image-preview:large, max-video-preview:-1\" \/>\n<link rel=\"canonical\" href=\"https:\/\/ifr.uwr.edu.pl\/en\/italica-wratislaviensia\/call-for-papers\/\" \/>\n<meta property=\"og:locale\" content=\"en_US\" \/>\n<meta property=\"og:type\" content=\"article\" \/>\n<meta property=\"og:title\" content=\"Call for papers - Instytut Filologii Roma\u0144skiej\" \/>\n<meta property=\"og:description\" content=\"Czasopismo \u201eItalica Wratislaviensia\u201d prowadzi cykliczny nab\u00f3r tekst\u00f3w do numer\u00f3w tematycznych. W 2026 roku planujemy numer po\u015bwi\u0119cony zagadnieniom j\u0119zykoznawczym, za kt\u00f3rego redakcj\u0119 odpowiada dr hab. Daniel S\u0142apek, prof. UJ.\u00a0 Zach\u0119camy r\u00f3wnie\u017c do nadsy\u0142ania propozycji artyku\u0142\u00f3w lub abstrakt\u00f3w w ramach sta\u0142ego naboru.\" \/>\n<meta property=\"og:url\" content=\"https:\/\/ifr.uwr.edu.pl\/en\/italica-wratislaviensia\/call-for-papers\/\" \/>\n<meta property=\"og:site_name\" content=\"Instytut Filologii Roma\u0144skiej\" \/>\n<meta property=\"article:modified_time\" content=\"2026-01-23T12:37:12+00:00\" \/>\n<meta property=\"og:image\" content=\"https:\/\/ifr.uwr.edu.pl\/wp-content\/uploads\/sites\/246\/2023\/03\/ksiazka-z-literami.png\" \/>\n\t<meta property=\"og:image:width\" content=\"1600\" \/>\n\t<meta property=\"og:image:height\" content=\"1067\" \/>\n\t<meta property=\"og:image:type\" content=\"image\/png\" \/>\n<meta name=\"twitter:card\" content=\"summary_large_image\" \/>\n<meta name=\"twitter:label1\" content=\"Est. reading time\" \/>\n\t<meta name=\"twitter:data1\" content=\"1 minute\" \/>\n<script type=\"application\/ld+json\" class=\"yoast-schema-graph\">{\"@context\":\"https:\/\/schema.org\",\"@graph\":[{\"@type\":\"WebPage\",\"@id\":\"https:\/\/ifr.uwr.edu.pl\/en\/italica-wratislaviensia\/call-for-papers\/\",\"url\":\"https:\/\/ifr.uwr.edu.pl\/en\/italica-wratislaviensia\/call-for-papers\/\",\"name\":\"Call for papers - Instytut Filologii Roma\u0144skiej\",\"isPartOf\":{\"@id\":\"https:\/\/ifr.uwr.edu.pl\/pl\/#website\"},\"primaryImageOfPage\":{\"@id\":\"https:\/\/ifr.uwr.edu.pl\/en\/italica-wratislaviensia\/call-for-papers\/#primaryimage\"},\"image\":{\"@id\":\"https:\/\/ifr.uwr.edu.pl\/en\/italica-wratislaviensia\/call-for-papers\/#primaryimage\"},\"thumbnailUrl\":\"https:\/\/ifr.uwr.edu.pl\/wp-content\/uploads\/sites\/246\/2023\/03\/ksiazka-z-literami-1024x683.png\",\"datePublished\":\"2023-06-14T14:23:14+00:00\",\"dateModified\":\"2026-01-23T12:37:12+00:00\",\"breadcrumb\":{\"@id\":\"https:\/\/ifr.uwr.edu.pl\/en\/italica-wratislaviensia\/call-for-papers\/#breadcrumb\"},\"inLanguage\":\"en-US\",\"potentialAction\":[{\"@type\":\"ReadAction\",\"target\":[\"https:\/\/ifr.uwr.edu.pl\/en\/italica-wratislaviensia\/call-for-papers\/\"]}]},{\"@type\":\"ImageObject\",\"inLanguage\":\"en-US\",\"@id\":\"https:\/\/ifr.uwr.edu.pl\/en\/italica-wratislaviensia\/call-for-papers\/#primaryimage\",\"url\":\"https:\/\/ifr.uwr.edu.pl\/wp-content\/uploads\/sites\/246\/2023\/03\/ksiazka-z-literami-1024x683.png\",\"contentUrl\":\"https:\/\/ifr.uwr.edu.pl\/wp-content\/uploads\/sites\/246\/2023\/03\/ksiazka-z-literami-1024x683.png\"},{\"@type\":\"BreadcrumbList\",\"@id\":\"https:\/\/ifr.uwr.edu.pl\/en\/italica-wratislaviensia\/call-for-papers\/#breadcrumb\",\"itemListElement\":[{\"@type\":\"ListItem\",\"position\":1,\"name\":\"Strona g\u0142\u00f3wna\",\"item\":\"https:\/\/ifr.uwr.edu.pl\/\"},{\"@type\":\"ListItem\",\"position\":2,\"name\":\"Italica Wratislaviensia\",\"item\":\"https:\/\/ifr.uwr.edu.pl\/italica-wratislaviensia\/\"},{\"@type\":\"ListItem\",\"position\":3,\"name\":\"Call for papers\"}]},{\"@type\":\"WebSite\",\"@id\":\"https:\/\/ifr.uwr.edu.pl\/pl\/#website\",\"url\":\"https:\/\/ifr.uwr.edu.pl\/pl\/\",\"name\":\"Instytut Filologii Roma\u0144skiej\",\"description\":\"Kolejna witryna sieci \u201eUWR Witryny\u201d\",\"publisher\":{\"@id\":\"https:\/\/ifr.uwr.edu.pl\/pl\/#organization\"},\"potentialAction\":[{\"@type\":\"SearchAction\",\"target\":{\"@type\":\"EntryPoint\",\"urlTemplate\":\"https:\/\/ifr.uwr.edu.pl\/pl\/?s={search_term_string}\"},\"query-input\":{\"@type\":\"PropertyValueSpecification\",\"valueRequired\":true,\"valueName\":\"search_term_string\"}}],\"inLanguage\":\"en-US\"},{\"@type\":\"Organization\",\"@id\":\"https:\/\/ifr.uwr.edu.pl\/pl\/#organization\",\"name\":\"Instytut Filologii Roma\u0144skiej\",\"url\":\"https:\/\/ifr.uwr.edu.pl\/pl\/\",\"logo\":{\"@type\":\"ImageObject\",\"inLanguage\":\"en-US\",\"@id\":\"https:\/\/ifr.uwr.edu.pl\/pl\/#\/schema\/logo\/image\/\",\"url\":\"https:\/\/ifr.uwr.edu.pl\/wp-content\/uploads\/sites\/246\/2025\/10\/cropped-UWr-logotyp-2025.png\",\"contentUrl\":\"https:\/\/ifr.uwr.edu.pl\/wp-content\/uploads\/sites\/246\/2025\/10\/cropped-UWr-logotyp-2025.png\",\"width\":764,\"height\":269,\"caption\":\"Instytut Filologii Roma\u0144skiej\"},\"image\":{\"@id\":\"https:\/\/ifr.uwr.edu.pl\/pl\/#\/schema\/logo\/image\/\"}}]}<\/script>\n<!-- \/ Yoast SEO plugin. -->","yoast_head_json":{"title":"Call for papers - Instytut Filologii Roma\u0144skiej","robots":{"index":"index","follow":"follow","max-snippet":"max-snippet:-1","max-image-preview":"max-image-preview:large","max-video-preview":"max-video-preview:-1"},"canonical":"https:\/\/ifr.uwr.edu.pl\/en\/italica-wratislaviensia\/call-for-papers\/","og_locale":"en_US","og_type":"article","og_title":"Call for papers - Instytut Filologii Roma\u0144skiej","og_description":"Czasopismo \u201eItalica Wratislaviensia\u201d prowadzi cykliczny nab\u00f3r tekst\u00f3w do numer\u00f3w tematycznych. W 2026 roku planujemy numer po\u015bwi\u0119cony zagadnieniom j\u0119zykoznawczym, za kt\u00f3rego redakcj\u0119 odpowiada dr hab. Daniel S\u0142apek, prof. UJ.\u00a0 Zach\u0119camy r\u00f3wnie\u017c do nadsy\u0142ania propozycji artyku\u0142\u00f3w lub abstrakt\u00f3w w ramach sta\u0142ego naboru.","og_url":"https:\/\/ifr.uwr.edu.pl\/en\/italica-wratislaviensia\/call-for-papers\/","og_site_name":"Instytut Filologii Roma\u0144skiej","article_modified_time":"2026-01-23T12:37:12+00:00","og_image":[{"width":1600,"height":1067,"url":"https:\/\/ifr.uwr.edu.pl\/wp-content\/uploads\/sites\/246\/2023\/03\/ksiazka-z-literami.png","type":"image\/png"}],"twitter_card":"summary_large_image","twitter_misc":{"Est. reading time":"1 minute"},"schema":{"@context":"https:\/\/schema.org","@graph":[{"@type":"WebPage","@id":"https:\/\/ifr.uwr.edu.pl\/en\/italica-wratislaviensia\/call-for-papers\/","url":"https:\/\/ifr.uwr.edu.pl\/en\/italica-wratislaviensia\/call-for-papers\/","name":"Call for papers - Instytut Filologii Roma\u0144skiej","isPartOf":{"@id":"https:\/\/ifr.uwr.edu.pl\/pl\/#website"},"primaryImageOfPage":{"@id":"https:\/\/ifr.uwr.edu.pl\/en\/italica-wratislaviensia\/call-for-papers\/#primaryimage"},"image":{"@id":"https:\/\/ifr.uwr.edu.pl\/en\/italica-wratislaviensia\/call-for-papers\/#primaryimage"},"thumbnailUrl":"https:\/\/ifr.uwr.edu.pl\/wp-content\/uploads\/sites\/246\/2023\/03\/ksiazka-z-literami-1024x683.png","datePublished":"2023-06-14T14:23:14+00:00","dateModified":"2026-01-23T12:37:12+00:00","breadcrumb":{"@id":"https:\/\/ifr.uwr.edu.pl\/en\/italica-wratislaviensia\/call-for-papers\/#breadcrumb"},"inLanguage":"en-US","potentialAction":[{"@type":"ReadAction","target":["https:\/\/ifr.uwr.edu.pl\/en\/italica-wratislaviensia\/call-for-papers\/"]}]},{"@type":"ImageObject","inLanguage":"en-US","@id":"https:\/\/ifr.uwr.edu.pl\/en\/italica-wratislaviensia\/call-for-papers\/#primaryimage","url":"https:\/\/ifr.uwr.edu.pl\/wp-content\/uploads\/sites\/246\/2023\/03\/ksiazka-z-literami-1024x683.png","contentUrl":"https:\/\/ifr.uwr.edu.pl\/wp-content\/uploads\/sites\/246\/2023\/03\/ksiazka-z-literami-1024x683.png"},{"@type":"BreadcrumbList","@id":"https:\/\/ifr.uwr.edu.pl\/en\/italica-wratislaviensia\/call-for-papers\/#breadcrumb","itemListElement":[{"@type":"ListItem","position":1,"name":"Strona g\u0142\u00f3wna","item":"https:\/\/ifr.uwr.edu.pl\/"},{"@type":"ListItem","position":2,"name":"Italica Wratislaviensia","item":"https:\/\/ifr.uwr.edu.pl\/italica-wratislaviensia\/"},{"@type":"ListItem","position":3,"name":"Call for papers"}]},{"@type":"WebSite","@id":"https:\/\/ifr.uwr.edu.pl\/pl\/#website","url":"https:\/\/ifr.uwr.edu.pl\/pl\/","name":"Instytut Filologii Roma\u0144skiej","description":"Kolejna witryna sieci \u201eUWR Witryny\u201d","publisher":{"@id":"https:\/\/ifr.uwr.edu.pl\/pl\/#organization"},"potentialAction":[{"@type":"SearchAction","target":{"@type":"EntryPoint","urlTemplate":"https:\/\/ifr.uwr.edu.pl\/pl\/?s={search_term_string}"},"query-input":{"@type":"PropertyValueSpecification","valueRequired":true,"valueName":"search_term_string"}}],"inLanguage":"en-US"},{"@type":"Organization","@id":"https:\/\/ifr.uwr.edu.pl\/pl\/#organization","name":"Instytut Filologii Roma\u0144skiej","url":"https:\/\/ifr.uwr.edu.pl\/pl\/","logo":{"@type":"ImageObject","inLanguage":"en-US","@id":"https:\/\/ifr.uwr.edu.pl\/pl\/#\/schema\/logo\/image\/","url":"https:\/\/ifr.uwr.edu.pl\/wp-content\/uploads\/sites\/246\/2025\/10\/cropped-UWr-logotyp-2025.png","contentUrl":"https:\/\/ifr.uwr.edu.pl\/wp-content\/uploads\/sites\/246\/2025\/10\/cropped-UWr-logotyp-2025.png","width":764,"height":269,"caption":"Instytut Filologii Roma\u0144skiej"},"image":{"@id":"https:\/\/ifr.uwr.edu.pl\/pl\/#\/schema\/logo\/image\/"}}]}},"publishpress_future_action":{"enabled":false,"date":"2026-05-21 10:04:56","action":"change-status","newStatus":"draft","terms":[],"taxonomy":"category","extraData":[]},"publishpress_future_workflow_manual_trigger":{"enabledWorkflows":[]},"_links":{"self":[{"href":"https:\/\/ifr.uwr.edu.pl\/en\/wp-json\/wp\/v2\/pages\/49029\/"}],"collection":[{"href":"https:\/\/ifr.uwr.edu.pl\/en\/wp-json\/wp\/v2\/pages\/"}],"about":[{"href":"https:\/\/ifr.uwr.edu.pl\/en\/wp-json\/wp\/v2\/types\/page\/"}],"author":[{"embeddable":true,"href":"https:\/\/ifr.uwr.edu.pl\/en\/wp-json\/wp\/v2\/users\/4320\/"}],"replies":[{"embeddable":true,"href":"https:\/\/ifr.uwr.edu.pl\/en\/wp-json\/wp\/v2\/comments\/?post=49029"}],"version-history":[{"count":5,"href":"https:\/\/ifr.uwr.edu.pl\/en\/wp-json\/wp\/v2\/pages\/49029\/revisions\/"}],"predecessor-version":[{"id":91135,"href":"https:\/\/ifr.uwr.edu.pl\/en\/wp-json\/wp\/v2\/pages\/49029\/revisions\/91135\/"}],"up":[{"embeddable":true,"href":"https:\/\/ifr.uwr.edu.pl\/en\/wp-json\/wp\/v2\/pages\/39744\/"}],"wp:attachment":[{"href":"https:\/\/ifr.uwr.edu.pl\/en\/wp-json\/wp\/v2\/media\/?parent=49029"}],"wp:term":[{"taxonomy":"category","embeddable":true,"href":"https:\/\/ifr.uwr.edu.pl\/en\/wp-json\/wp\/v2\/categories\/?post=49029"},{"taxonomy":"post_tag","embeddable":true,"href":"https:\/\/ifr.uwr.edu.pl\/en\/wp-json\/wp\/v2\/tags\/?post=49029"}],"curies":[{"name":"wp","href":"https:\/\/api.w.org\/{rel}","templated":true}]}}