{"id":48909,"date":"2023-03-20T13:25:48","date_gmt":"2023-03-20T12:25:48","guid":{"rendered":"https:\/\/ifr.uwr.edu.pl\/italica-wratislaviensia\/rada-naukowa\/"},"modified":"2023-10-14T01:12:23","modified_gmt":"2023-10-13T23:12:23","slug":"rada-naukowa","status":"publish","type":"page","link":"https:\/\/ifr.uwr.edu.pl\/en\/italica-wratislaviensia\/rada-naukowa\/","title":{"rendered":"Advisory Board"},"content":{"rendered":"\n<div class=\"alignfull wp-block-ugb-container ugb-container bs-konferencje-akordeony ugb-12c4a27 ugb-container--v2 ugb-container--design-plain ugb-main-block\"><style>@media screen and (min-width:768px){.ugb-12c4a27.ugb-container{margin-bottom:0px !important;padding-right:0px !important;padding-bottom:50px !important;padding-left:0px !important}}@media screen and (min-width:768px){.ugb-12c4a27 > .ugb-inner-block > .ugb-block-content > *{padding-top:0px !important;padding-bottom:0px !important;padding-right:0px !important;padding-left:0px !important}}<\/style><div class=\"ugb-inner-block\"><div class=\"ugb-block-content\"><div class=\"ugb-container__wrapper ugb-12c4a27-wrapper\"><div class=\"ugb-container__side\"><div class=\"ugb-container__content-wrapper ugb-12c4a27-content-wrapper\">\n<div class=\"wp-block-media-text alignwide is-stacked-on-mobile is-vertically-aligned-top is-image-fill bs-naglowek-szablonu-kolumny\"><figure class=\"wp-block-media-text__media\" style=\"background-image:url(https:\/\/ifr.uwr.edu.pl\/wp-content\/uploads\/sites\/246\/2023\/05\/rada-1024x576.png);background-position:50% 50%\"><img loading=\"lazy\" decoding=\"async\" width=\"1024\" height=\"576\" src=\"https:\/\/ifr.uwr.edu.pl\/wp-content\/uploads\/sites\/246\/2023\/05\/rada-1024x576.png\" alt=\"Osoba notuj\u0105ca w zeszycie\" class=\"wp-image-29040 size-full\" srcset=\"https:\/\/ifr.uwr.edu.pl\/wp-content\/uploads\/sites\/246\/2023\/05\/rada-1024x576.png 1024w, https:\/\/ifr.uwr.edu.pl\/wp-content\/uploads\/sites\/246\/2023\/05\/rada-300x169.png 300w, https:\/\/ifr.uwr.edu.pl\/wp-content\/uploads\/sites\/246\/2023\/05\/rada-768x432.png 768w, https:\/\/ifr.uwr.edu.pl\/wp-content\/uploads\/sites\/246\/2023\/05\/rada-1536x864.png 1536w, https:\/\/ifr.uwr.edu.pl\/wp-content\/uploads\/sites\/246\/2023\/05\/rada-1320x743.png 1320w, https:\/\/ifr.uwr.edu.pl\/wp-content\/uploads\/sites\/246\/2023\/05\/rada-24x14.png 24w, https:\/\/ifr.uwr.edu.pl\/wp-content\/uploads\/sites\/246\/2023\/05\/rada-36x20.png 36w, https:\/\/ifr.uwr.edu.pl\/wp-content\/uploads\/sites\/246\/2023\/05\/rada-48x27.png 48w, https:\/\/ifr.uwr.edu.pl\/wp-content\/uploads\/sites\/246\/2023\/05\/rada.png 1600w\" sizes=\"auto, (max-width: 1024px) 100vw, 1024px\" \/><\/figure><div class=\"wp-block-media-text__content\">\n<div class=\"wp-block-bonasoft-modular-breadcrumbs-block\"><div class=\"bs_add_breadcrumb_trail\"><\/div><\/div>\n\n\n\n<hr class=\"wp-block-separator has-text-color has-black-color has-css-opacity has-black-background-color has-background is-style-wide bs-border-kontakt\"\/>\n\n\n<h1 style=\"font-style:normal;font-weight:700;\" class=\"bs-naglowek-podstrony wp-block-post-title\">Advisory Board<\/h1>\n\n\n<div style=\"height:50px\" aria-hidden=\"true\" class=\"wp-block-spacer\"><\/div>\n\n\n\n<p>The Advisory Board advises on the development of&nbsp;<em>Italica Wratislaviensia<\/em>, ensures its scientific quality and disseminates the results of the published scientific research. Members of the Board support the review process and promote the journal in their scientific circles.<\/p>\n<\/div><\/div>\n\n\n\n<div class=\"wp-block-ugb-container ugb-container bs-strona-konferencje ugb-002ab8b ugb-container--v2 ugb-container--design-plain ugb-main-block\"><style>@media screen and (min-width:768px){.ugb-002ab8b.ugb-container{margin-bottom:0% !important;margin-right:6% !important;margin-left:6% !important}}@media screen and (min-width:768px){.ugb-002ab8b > .ugb-inner-block > .ugb-block-content > *{padding-top:0px !important;padding-bottom:0px !important;padding-right:0px !important;padding-left:0px !important}}<\/style><div class=\"ugb-inner-block\"><div class=\"ugb-block-content\"><div class=\"ugb-container__wrapper ugb-002ab8b-wrapper\"><div class=\"ugb-container__side\"><div class=\"ugb-container__content-wrapper ugb-002ab8b-content-wrapper\">\n<div class=\"wp-block-ugb-accordion ugb-accordion ugb-b0898d8 ugb-accordion--v2 ugb-accordion--design-plain ugb-accordion--single-open ugb-main-block\" aria-expanded=\"false\"><style>.ugb-b0898d8 .ugb-accordion__title{line-height:1em !important}.ugb-b0898d8 .ugb-accordion__arrow{fill:#ffffff}.ugb-b0898d8 .ugb-accordion__item{border:none !important}@media screen and (min-width:768px){.ugb-b0898d8.ugb-accordion{margin-top:0px !important;margin-bottom:0px !important;margin-right:0px !important;margin-left:0px !important;padding-top:0px !important;padding-right:0px !important;padding-bottom:0px !important;padding-left:0px !important}}<\/style><div class=\"ugb-inner-block\"><div class=\"ugb-block-content\"><div class=\"ugb-accordion__item\"><div class=\"ugb-accordion__heading\" role=\"button\" tabindex=\"0\"><h3 class=\"ugb-accordion__title\"><strong><strong><strong><strong>Members <\/strong>2021-2024:<\/strong><\/strong><\/strong><\/h3><svg xmlns=\"http:\/\/www.w3.org\/2000\/svg\" viewBox=\"0 0 20 20\" class=\"ugb-accordion__arrow\" width=\"20\" height=\"20\"><path d=\"M16.7 3.3L10 10 3.3 3.4 0 6.7l10 10v-.1l10-9.9z\"><\/path><\/svg><\/div><div class=\"ugb-accordion__content\" role=\"region\"><div class=\"ugb-accordion__content-inner\">\n<p><strong>Jadwiga Miszalska<\/strong>&nbsp;(Uniwersytet Jagiello\u0144ski w Krakowie, Poland)<br><strong>Monika Gurgul&nbsp;<\/strong>(Uniwersytet Jagiello\u0144ski w Krakowie, Poland)<br><strong>Olga P\u0142aszczewska&nbsp;<\/strong>(Uniwersytet Jagiello\u0144ski w Krakowie, Poland)<br><strong>El\u017cbieta Jamrozik&nbsp;<\/strong>(Uniwersytet Warszawski, Poland)<br><strong>Monika Wo\u017aniak&nbsp;<\/strong>(Sapienza Universit\u00e0 di Roma, Italy)<br><strong>Valeria Della Valle<\/strong>&nbsp;(Sapienza Universit\u00e0 di Roma, Italy)<br><strong>Ilde Consales&nbsp;<\/strong>(Universit\u00e0 degli Studi Roma Tre, Italy)<br><strong>Lucinda Spera<\/strong>&nbsp;(Universit\u00e0 per Stranieri di Siena, Italy)<br><strong>Giovanna Tomassucci<\/strong>&nbsp;(Universit\u00e0 di Pisa, Italy)<br><strong>Roberta Pederzoli&nbsp;<\/strong>(Universit\u00e0 di Bologna, Italy)<br><strong>Sonia Barillari<\/strong>&nbsp;(Universit\u00e0 di Genova, Italy)<br><strong>Marnie Campagnaro&nbsp;<\/strong>(Universit\u00e0 degli Studi di Padova, Italy)<br><strong>Giacomo Ferrari&nbsp;<\/strong>(Universit\u00e0 degli Studi di Piemonte Orientale \u201cAmedeo Avogadro\u201d, Italy)<br><strong>Barbara Meazzi<\/strong>&nbsp;(Universit\u00e9 de Nice \u2013 Sophia Antipolis, France)<br><strong>Clorinda Donato<\/strong>&nbsp;(California State University, USA)<\/p>\n<\/div><\/div><\/div><\/div><\/div><\/div>\n<\/div><\/div><\/div><\/div><\/div><\/div>\n<\/div><\/div><\/div><\/div><\/div><\/div>\n","protected":false},"excerpt":{"rendered":"<p>The Advisory Board advises on the development of&nbsp;Italica Wratislaviensia, ensures its scientific quality and disseminates the results of the published scientific research. Members of the Board support the review process and promote the journal in their scientific circles. Jadwiga Miszalska&nbsp;(Uniwersytet Jagiello\u0144ski w Krakowie, Poland)Monika Gurgul&nbsp;(Uniwersytet Jagiello\u0144ski w Krakowie, Poland)Olga P\u0142aszczewska&nbsp;(Uniwersytet Jagiello\u0144ski w Krakowie, Poland)El\u017cbieta Jamrozik&nbsp;(Uniwersytet [&hellip;]<\/p>\n","protected":false},"author":37,"featured_media":0,"parent":39744,"menu_order":2,"comment_status":"closed","ping_status":"closed","template":"","meta":{"_acf_changed":false,"inline_featured_image":false,"site-sidebar-layout":"default","site-content-layout":"","ast-site-content-layout":"default","site-content-style":"default","site-sidebar-style":"default","ast-global-header-display":"","ast-banner-title-visibility":"","ast-main-header-display":"","ast-hfb-above-header-display":"","ast-hfb-below-header-display":"","ast-hfb-mobile-header-display":"","site-post-title":"","ast-breadcrumbs-content":"","ast-featured-img":"","footer-sml-layout":"","ast-disable-related-posts":"","theme-transparent-header-meta":"","adv-header-id-meta":"","stick-header-meta":"","header-above-stick-meta":"","header-main-stick-meta":"","header-below-stick-meta":"","astra-migrate-meta-layouts":"default","ast-page-background-enabled":"default","ast-page-background-meta":{"desktop":{"background-color":"","background-image":"","background-repeat":"repeat","background-position":"center center","background-size":"auto","background-attachment":"scroll","background-type":"","background-media":"","overlay-type":"","overlay-color":"","overlay-opacity":"","overlay-gradient":""},"tablet":{"background-color":"","background-image":"","background-repeat":"repeat","background-position":"center center","background-size":"auto","background-attachment":"scroll","background-type":"","background-media":"","overlay-type":"","overlay-color":"","overlay-opacity":"","overlay-gradient":""},"mobile":{"background-color":"","background-image":"","background-repeat":"repeat","background-position":"center center","background-size":"auto","background-attachment":"scroll","background-type":"","background-media":"","overlay-type":"","overlay-color":"","overlay-opacity":"","overlay-gradient":""}},"ast-content-background-meta":{"desktop":{"background-color":"var(--ast-global-color-5)","background-image":"","background-repeat":"repeat","background-position":"center center","background-size":"auto","background-attachment":"scroll","background-type":"","background-media":"","overlay-type":"","overlay-color":"","overlay-opacity":"","overlay-gradient":""},"tablet":{"background-color":"var(--ast-global-color-5)","background-image":"","background-repeat":"repeat","background-position":"center center","background-size":"auto","background-attachment":"scroll","background-type":"","background-media":"","overlay-type":"","overlay-color":"","overlay-opacity":"","overlay-gradient":""},"mobile":{"background-color":"var(--ast-global-color-5)","background-image":"","background-repeat":"repeat","background-position":"center center","background-size":"auto","background-attachment":"scroll","background-type":"","background-media":"","overlay-type":"","overlay-color":"","overlay-opacity":"","overlay-gradient":""}},"footnotes":""},"categories":[],"tags":[],"class_list":["post-48909","page","type-page","status-publish","hentry"],"featured_image_urls_v2":{"full":"","thumbnail":"","medium":"","medium_large":"","large":"","1536x1536":"","2048x2048":"","menu-24x24":"","menu-36x36":"","menu-48x48":""},"post_excerpt_stackable_v2":"<p>Advisory Board The Advisory Board advises on the development of&nbsp;Italica Wratislaviensia, ensures its scientific quality and disseminates the results of the published scientific research. Members of the Board support the review process and promote the journal in their scientific circles. Members 2021-2024: Jadwiga Miszalska&nbsp;(Uniwersytet Jagiello\u0144ski w Krakowie, Poland)Monika Gurgul&nbsp;(Uniwersytet Jagiello\u0144ski w Krakowie, Poland)Olga P\u0142aszczewska&nbsp;(Uniwersytet Jagiello\u0144ski w Krakowie, Poland)El\u017cbieta Jamrozik&nbsp;(Uniwersytet Warszawski, Poland)Monika Wo\u017aniak&nbsp;(Sapienza Universit\u00e0 di Roma, Italy)Valeria Della Valle&nbsp;(Sapienza Universit\u00e0 di Roma, Italy)Ilde Consales&nbsp;(Universit\u00e0 degli Studi Roma Tre, Italy)Lucinda Spera&nbsp;(Universit\u00e0 per Stranieri di Siena, Italy)Giovanna Tomassucci&nbsp;(Universit\u00e0 di Pisa, Italy)Roberta Pederzoli&nbsp;(Universit\u00e0 di Bologna, Italy)Sonia Barillari&nbsp;(Universit\u00e0 di Genova, Italy)Marnie Campagnaro&nbsp;(Universit\u00e0 degli Studi di&hellip;<\/p>\n","category_list_v2":"Uncategorized","author_info_v2":{"name":"Izabela Jaraszek","url":"https:\/\/ifr.uwr.edu.pl\/en\/author\/ijaraszek\/"},"comments_num_v2":"0 comments","acf":[],"yoast_head":"<!-- This site is optimized with the Yoast SEO plugin v27.1.1 - https:\/\/yoast.com\/product\/yoast-seo-wordpress\/ -->\n<title>Advisory Board - Instytut Filologii Roma\u0144skiej<\/title>\n<meta name=\"robots\" content=\"index, follow, max-snippet:-1, max-image-preview:large, max-video-preview:-1\" \/>\n<link rel=\"canonical\" href=\"https:\/\/ifr.uwr.edu.pl\/italica-wratislaviensia\/rada-naukowa\/\" \/>\n<meta property=\"og:locale\" content=\"en_US\" \/>\n<meta property=\"og:type\" content=\"article\" \/>\n<meta property=\"og:title\" content=\"Advisory Board - Instytut Filologii Roma\u0144skiej\" \/>\n<meta property=\"og:description\" content=\"The Advisory Board advises on the development of&nbsp;Italica Wratislaviensia, ensures its scientific quality and disseminates the results of the published scientific research. Members of the Board support the review process and promote the journal in their scientific circles. Jadwiga Miszalska&nbsp;(Uniwersytet Jagiello\u0144ski w Krakowie, Poland)Monika Gurgul&nbsp;(Uniwersytet Jagiello\u0144ski w Krakowie, Poland)Olga P\u0142aszczewska&nbsp;(Uniwersytet Jagiello\u0144ski w Krakowie, Poland)El\u017cbieta Jamrozik&nbsp;(Uniwersytet [&hellip;]\" \/>\n<meta property=\"og:url\" content=\"https:\/\/ifr.uwr.edu.pl\/italica-wratislaviensia\/rada-naukowa\/\" \/>\n<meta property=\"og:site_name\" content=\"Instytut Filologii Roma\u0144skiej\" \/>\n<meta property=\"article:modified_time\" content=\"2023-10-13T23:12:23+00:00\" \/>\n<meta property=\"og:image\" content=\"https:\/\/ifr.uwr.edu.pl\/wp-content\/uploads\/sites\/246\/2023\/05\/rada-1024x576.png\" \/>\n<meta name=\"twitter:card\" content=\"summary_large_image\" \/>\n<meta name=\"twitter:label1\" content=\"Est. reading time\" \/>\n\t<meta name=\"twitter:data1\" content=\"2 minutes\" \/>\n<script type=\"application\/ld+json\" class=\"yoast-schema-graph\">{\"@context\":\"https:\/\/schema.org\",\"@graph\":[{\"@type\":\"WebPage\",\"@id\":\"https:\/\/ifr.uwr.edu.pl\/italica-wratislaviensia\/rada-naukowa\/\",\"url\":\"https:\/\/ifr.uwr.edu.pl\/italica-wratislaviensia\/rada-naukowa\/\",\"name\":\"Advisory Board - Instytut Filologii Roma\u0144skiej\",\"isPartOf\":{\"@id\":\"https:\/\/ifr.uwr.edu.pl\/pl\/#website\"},\"primaryImageOfPage\":{\"@id\":\"https:\/\/ifr.uwr.edu.pl\/italica-wratislaviensia\/rada-naukowa\/#primaryimage\"},\"image\":{\"@id\":\"https:\/\/ifr.uwr.edu.pl\/italica-wratislaviensia\/rada-naukowa\/#primaryimage\"},\"thumbnailUrl\":\"https:\/\/ifr.uwr.edu.pl\/wp-content\/uploads\/sites\/246\/2023\/05\/rada-1024x576.png\",\"datePublished\":\"2023-03-20T12:25:48+00:00\",\"dateModified\":\"2023-10-13T23:12:23+00:00\",\"breadcrumb\":{\"@id\":\"https:\/\/ifr.uwr.edu.pl\/italica-wratislaviensia\/rada-naukowa\/#breadcrumb\"},\"inLanguage\":\"en-US\",\"potentialAction\":[{\"@type\":\"ReadAction\",\"target\":[\"https:\/\/ifr.uwr.edu.pl\/italica-wratislaviensia\/rada-naukowa\/\"]}]},{\"@type\":\"ImageObject\",\"inLanguage\":\"en-US\",\"@id\":\"https:\/\/ifr.uwr.edu.pl\/italica-wratislaviensia\/rada-naukowa\/#primaryimage\",\"url\":\"https:\/\/ifr.uwr.edu.pl\/wp-content\/uploads\/sites\/246\/2023\/05\/rada-1024x576.png\",\"contentUrl\":\"https:\/\/ifr.uwr.edu.pl\/wp-content\/uploads\/sites\/246\/2023\/05\/rada-1024x576.png\"},{\"@type\":\"BreadcrumbList\",\"@id\":\"https:\/\/ifr.uwr.edu.pl\/italica-wratislaviensia\/rada-naukowa\/#breadcrumb\",\"itemListElement\":[{\"@type\":\"ListItem\",\"position\":1,\"name\":\"Strona g\u0142\u00f3wna\",\"item\":\"https:\/\/ifr.uwr.edu.pl\/\"},{\"@type\":\"ListItem\",\"position\":2,\"name\":\"Italica Wratislaviensia\",\"item\":\"https:\/\/ifr.uwr.edu.pl\/italica-wratislaviensia\/\"},{\"@type\":\"ListItem\",\"position\":3,\"name\":\"Advisory Board\"}]},{\"@type\":\"WebSite\",\"@id\":\"https:\/\/ifr.uwr.edu.pl\/pl\/#website\",\"url\":\"https:\/\/ifr.uwr.edu.pl\/pl\/\",\"name\":\"Instytut Filologii Roma\u0144skiej\",\"description\":\"Kolejna witryna sieci \u201eUWR Witryny\u201d\",\"publisher\":{\"@id\":\"https:\/\/ifr.uwr.edu.pl\/pl\/#organization\"},\"potentialAction\":[{\"@type\":\"SearchAction\",\"target\":{\"@type\":\"EntryPoint\",\"urlTemplate\":\"https:\/\/ifr.uwr.edu.pl\/pl\/?s={search_term_string}\"},\"query-input\":{\"@type\":\"PropertyValueSpecification\",\"valueRequired\":true,\"valueName\":\"search_term_string\"}}],\"inLanguage\":\"en-US\"},{\"@type\":\"Organization\",\"@id\":\"https:\/\/ifr.uwr.edu.pl\/pl\/#organization\",\"name\":\"Instytut Filologii Roma\u0144skiej\",\"url\":\"https:\/\/ifr.uwr.edu.pl\/pl\/\",\"logo\":{\"@type\":\"ImageObject\",\"inLanguage\":\"en-US\",\"@id\":\"https:\/\/ifr.uwr.edu.pl\/pl\/#\/schema\/logo\/image\/\",\"url\":\"https:\/\/ifr.uwr.edu.pl\/wp-content\/uploads\/sites\/246\/2025\/10\/cropped-UWr-logotyp-2025.png\",\"contentUrl\":\"https:\/\/ifr.uwr.edu.pl\/wp-content\/uploads\/sites\/246\/2025\/10\/cropped-UWr-logotyp-2025.png\",\"width\":764,\"height\":269,\"caption\":\"Instytut Filologii Roma\u0144skiej\"},\"image\":{\"@id\":\"https:\/\/ifr.uwr.edu.pl\/pl\/#\/schema\/logo\/image\/\"}}]}<\/script>\n<!-- \/ Yoast SEO plugin. -->","yoast_head_json":{"title":"Advisory Board - Instytut Filologii Roma\u0144skiej","robots":{"index":"index","follow":"follow","max-snippet":"max-snippet:-1","max-image-preview":"max-image-preview:large","max-video-preview":"max-video-preview:-1"},"canonical":"https:\/\/ifr.uwr.edu.pl\/italica-wratislaviensia\/rada-naukowa\/","og_locale":"en_US","og_type":"article","og_title":"Advisory Board - Instytut Filologii Roma\u0144skiej","og_description":"The Advisory Board advises on the development of&nbsp;Italica Wratislaviensia, ensures its scientific quality and disseminates the results of the published scientific research. Members of the Board support the review process and promote the journal in their scientific circles. Jadwiga Miszalska&nbsp;(Uniwersytet Jagiello\u0144ski w Krakowie, Poland)Monika Gurgul&nbsp;(Uniwersytet Jagiello\u0144ski w Krakowie, Poland)Olga P\u0142aszczewska&nbsp;(Uniwersytet Jagiello\u0144ski w Krakowie, Poland)El\u017cbieta Jamrozik&nbsp;(Uniwersytet [&hellip;]","og_url":"https:\/\/ifr.uwr.edu.pl\/italica-wratislaviensia\/rada-naukowa\/","og_site_name":"Instytut Filologii Roma\u0144skiej","article_modified_time":"2023-10-13T23:12:23+00:00","og_image":[{"url":"https:\/\/ifr.uwr.edu.pl\/wp-content\/uploads\/sites\/246\/2023\/05\/rada-1024x576.png","type":"","width":"","height":""}],"twitter_card":"summary_large_image","twitter_misc":{"Est. reading time":"2 minutes"},"schema":{"@context":"https:\/\/schema.org","@graph":[{"@type":"WebPage","@id":"https:\/\/ifr.uwr.edu.pl\/italica-wratislaviensia\/rada-naukowa\/","url":"https:\/\/ifr.uwr.edu.pl\/italica-wratislaviensia\/rada-naukowa\/","name":"Advisory Board - Instytut Filologii Roma\u0144skiej","isPartOf":{"@id":"https:\/\/ifr.uwr.edu.pl\/pl\/#website"},"primaryImageOfPage":{"@id":"https:\/\/ifr.uwr.edu.pl\/italica-wratislaviensia\/rada-naukowa\/#primaryimage"},"image":{"@id":"https:\/\/ifr.uwr.edu.pl\/italica-wratislaviensia\/rada-naukowa\/#primaryimage"},"thumbnailUrl":"https:\/\/ifr.uwr.edu.pl\/wp-content\/uploads\/sites\/246\/2023\/05\/rada-1024x576.png","datePublished":"2023-03-20T12:25:48+00:00","dateModified":"2023-10-13T23:12:23+00:00","breadcrumb":{"@id":"https:\/\/ifr.uwr.edu.pl\/italica-wratislaviensia\/rada-naukowa\/#breadcrumb"},"inLanguage":"en-US","potentialAction":[{"@type":"ReadAction","target":["https:\/\/ifr.uwr.edu.pl\/italica-wratislaviensia\/rada-naukowa\/"]}]},{"@type":"ImageObject","inLanguage":"en-US","@id":"https:\/\/ifr.uwr.edu.pl\/italica-wratislaviensia\/rada-naukowa\/#primaryimage","url":"https:\/\/ifr.uwr.edu.pl\/wp-content\/uploads\/sites\/246\/2023\/05\/rada-1024x576.png","contentUrl":"https:\/\/ifr.uwr.edu.pl\/wp-content\/uploads\/sites\/246\/2023\/05\/rada-1024x576.png"},{"@type":"BreadcrumbList","@id":"https:\/\/ifr.uwr.edu.pl\/italica-wratislaviensia\/rada-naukowa\/#breadcrumb","itemListElement":[{"@type":"ListItem","position":1,"name":"Strona g\u0142\u00f3wna","item":"https:\/\/ifr.uwr.edu.pl\/"},{"@type":"ListItem","position":2,"name":"Italica Wratislaviensia","item":"https:\/\/ifr.uwr.edu.pl\/italica-wratislaviensia\/"},{"@type":"ListItem","position":3,"name":"Advisory Board"}]},{"@type":"WebSite","@id":"https:\/\/ifr.uwr.edu.pl\/pl\/#website","url":"https:\/\/ifr.uwr.edu.pl\/pl\/","name":"Instytut Filologii Roma\u0144skiej","description":"Kolejna witryna sieci \u201eUWR Witryny\u201d","publisher":{"@id":"https:\/\/ifr.uwr.edu.pl\/pl\/#organization"},"potentialAction":[{"@type":"SearchAction","target":{"@type":"EntryPoint","urlTemplate":"https:\/\/ifr.uwr.edu.pl\/pl\/?s={search_term_string}"},"query-input":{"@type":"PropertyValueSpecification","valueRequired":true,"valueName":"search_term_string"}}],"inLanguage":"en-US"},{"@type":"Organization","@id":"https:\/\/ifr.uwr.edu.pl\/pl\/#organization","name":"Instytut Filologii Roma\u0144skiej","url":"https:\/\/ifr.uwr.edu.pl\/pl\/","logo":{"@type":"ImageObject","inLanguage":"en-US","@id":"https:\/\/ifr.uwr.edu.pl\/pl\/#\/schema\/logo\/image\/","url":"https:\/\/ifr.uwr.edu.pl\/wp-content\/uploads\/sites\/246\/2025\/10\/cropped-UWr-logotyp-2025.png","contentUrl":"https:\/\/ifr.uwr.edu.pl\/wp-content\/uploads\/sites\/246\/2025\/10\/cropped-UWr-logotyp-2025.png","width":764,"height":269,"caption":"Instytut Filologii Roma\u0144skiej"},"image":{"@id":"https:\/\/ifr.uwr.edu.pl\/pl\/#\/schema\/logo\/image\/"}}]}},"publishpress_future_action":{"enabled":false,"date":"2026-05-21 14:56:27","action":"change-status","newStatus":"draft","terms":[],"taxonomy":"category","extraData":[]},"publishpress_future_workflow_manual_trigger":{"enabledWorkflows":[]},"_links":{"self":[{"href":"https:\/\/ifr.uwr.edu.pl\/en\/wp-json\/wp\/v2\/pages\/48909\/"}],"collection":[{"href":"https:\/\/ifr.uwr.edu.pl\/en\/wp-json\/wp\/v2\/pages\/"}],"about":[{"href":"https:\/\/ifr.uwr.edu.pl\/en\/wp-json\/wp\/v2\/types\/page\/"}],"author":[{"embeddable":true,"href":"https:\/\/ifr.uwr.edu.pl\/en\/wp-json\/wp\/v2\/users\/37\/"}],"replies":[{"embeddable":true,"href":"https:\/\/ifr.uwr.edu.pl\/en\/wp-json\/wp\/v2\/comments\/?post=48909"}],"version-history":[{"count":2,"href":"https:\/\/ifr.uwr.edu.pl\/en\/wp-json\/wp\/v2\/pages\/48909\/revisions\/"}],"predecessor-version":[{"id":49047,"href":"https:\/\/ifr.uwr.edu.pl\/en\/wp-json\/wp\/v2\/pages\/48909\/revisions\/49047\/"}],"up":[{"embeddable":true,"href":"https:\/\/ifr.uwr.edu.pl\/en\/wp-json\/wp\/v2\/pages\/39744\/"}],"wp:attachment":[{"href":"https:\/\/ifr.uwr.edu.pl\/en\/wp-json\/wp\/v2\/media\/?parent=48909"}],"wp:term":[{"taxonomy":"category","embeddable":true,"href":"https:\/\/ifr.uwr.edu.pl\/en\/wp-json\/wp\/v2\/categories\/?post=48909"},{"taxonomy":"post_tag","embeddable":true,"href":"https:\/\/ifr.uwr.edu.pl\/en\/wp-json\/wp\/v2\/tags\/?post=48909"}],"curies":[{"name":"wp","href":"https:\/\/api.w.org\/{rel}","templated":true}]}}