{"id":39336,"date":"2023-06-12T11:34:59","date_gmt":"2023-06-12T09:34:59","guid":{"rendered":"https:\/\/ifr.uwr.edu.pl\/?page_id=39336"},"modified":"2023-06-12T11:35:09","modified_gmt":"2023-06-12T09:35:09","slug":"italica-wratislaviensia","status":"publish","type":"page","link":"https:\/\/ifr.uwr.edu.pl\/en\/czasopisma\/italica-wratislaviensia\/","title":{"rendered":"Italica Wratislaviensia"},"content":{"rendered":"\n<div class=\"alignfull wp-block-ugb-container ugb-container ugb-12c4a27 ugb-container--v2 ugb-container--design-plain ugb-main-block\"><style>@media screen and (min-width:768px){.ugb-12c4a27.ugb-container{margin-bottom:0px !important;padding-right:0px !important;padding-bottom:50px !important;padding-left:0px !important}}@media screen and (min-width:768px){.ugb-12c4a27 > .ugb-inner-block > .ugb-block-content > *{padding-top:0px !important;padding-bottom:0px !important;padding-right:0px !important;padding-left:0px !important}}<\/style><div class=\"ugb-inner-block\"><div class=\"ugb-block-content\"><div class=\"ugb-container__wrapper ugb-12c4a27-wrapper\"><div class=\"ugb-container__side\"><div class=\"ugb-container__content-wrapper ugb-12c4a27-content-wrapper\">\n<div class=\"wp-block-media-text alignwide is-stacked-on-mobile is-vertically-aligned-top is-image-fill bs-naglowek-szablonu-kolumny\"><figure class=\"wp-block-media-text__media\" style=\"background-image:url(https:\/\/ifr.uwr.edu.pl\/wp-content\/uploads\/sites\/246\/2023\/03\/Italica-Wratislaviensia-1024x305.jpg);background-position:66% 42%\"><img loading=\"lazy\" decoding=\"async\" width=\"1024\" height=\"305\" src=\"https:\/\/ifr.uwr.edu.pl\/wp-content\/uploads\/sites\/246\/2023\/03\/Italica-Wratislaviensia-1024x305.jpg\" alt=\"Italica Wratislaviensia\" class=\"wp-image-23997 size-full\" srcset=\"https:\/\/ifr.uwr.edu.pl\/wp-content\/uploads\/sites\/246\/2023\/03\/Italica-Wratislaviensia-1024x305.jpg 1024w, https:\/\/ifr.uwr.edu.pl\/wp-content\/uploads\/sites\/246\/2023\/03\/Italica-Wratislaviensia-300x89.jpg 300w, https:\/\/ifr.uwr.edu.pl\/wp-content\/uploads\/sites\/246\/2023\/03\/Italica-Wratislaviensia-768x229.jpg 768w, https:\/\/ifr.uwr.edu.pl\/wp-content\/uploads\/sites\/246\/2023\/03\/Italica-Wratislaviensia-24x7.jpg 24w, https:\/\/ifr.uwr.edu.pl\/wp-content\/uploads\/sites\/246\/2023\/03\/Italica-Wratislaviensia-36x11.jpg 36w, https:\/\/ifr.uwr.edu.pl\/wp-content\/uploads\/sites\/246\/2023\/03\/Italica-Wratislaviensia-48x14.jpg 48w, https:\/\/ifr.uwr.edu.pl\/wp-content\/uploads\/sites\/246\/2023\/03\/Italica-Wratislaviensia.jpg 1054w\" sizes=\"auto, (max-width: 1024px) 100vw, 1024px\" \/><\/figure><div class=\"wp-block-media-text__content\">\n<div class=\"wp-block-bonasoft-modular-breadcrumbs-block\"><div class=\"bs_add_breadcrumb_trail\"><\/div><\/div>\n\n\n\n<hr class=\"wp-block-separator has-text-color has-background has-black-background-color has-black-color is-style-wide bs-border-kontakt\"\/>\n\n\n<h1 style=\"font-style:normal;font-weight:700;\" class=\"bs-naglowek-podstrony wp-block-post-title\">Italica Wratislaviensia<\/h1>\n\n\n<p><em>Italica Wratislaviensia<\/em> is a <strong>peer-reviewed scientific journal<\/strong> and it has been <strong>biannual<\/strong> since 2017 (it was previously annual).<\/p>\n\n\n\n<p>It has been created by <strong>researchers in Italian Studies at the Faculty of Philology of the University of Wroclaw<\/strong> and it has been published continuously <strong>since 2010<\/strong>.<\/p>\n\n\n\n<p>ISSN: 2084-4514<br>e-ISSN: 2450-5943<br>Basic version: printed<br>Wydawca: <a href=\"https:\/\/czasopisma.marszalek.com.pl\/10-15804\/iw\" target=\"_blank\" rel=\"noreferrer noopener\">Wydawnictwo Adam Marsza\u0142ek<\/a><\/p>\n\n\n<ul class=\"bs-pageList-container\">\n\n    \n    <\/ul>\n<\/div><\/div>\n\n\n\n<div class=\"wp-block-ugb-container ugb-container szablon-kolorowe-naglowki ugb-002ab8b ugb-container--v2 ugb-container--design-plain ugb-main-block\"><style>@media screen and (min-width:768px){.ugb-002ab8b.ugb-container{margin-bottom:0% !important;margin-right:6% !important;margin-left:6% !important}}@media screen and (min-width:768px){.ugb-002ab8b > .ugb-inner-block > .ugb-block-content > *{padding-top:0px !important;padding-bottom:0px !important;padding-right:0px !important;padding-left:0px !important}}<\/style><div class=\"ugb-inner-block\"><div class=\"ugb-block-content\"><div class=\"ugb-container__wrapper ugb-002ab8b-wrapper\"><div class=\"ugb-container__side\"><div class=\"ugb-container__content-wrapper ugb-002ab8b-content-wrapper\">\n<h2 class=\"bs-naglowek-z-kolorem wp-block-heading\"><strong><strong><strong>Purpose and subject matter of the journal:<\/strong><\/strong><\/strong><\/h2>\n\n\n\n<p>The journal is dedicated to<strong> Italian Studies<\/strong> and has a philological character. Its pages are also open to related fields.<\/p>\n\n\n\n<p>The journal publishes works by <strong>Polish and foreign researchers<\/strong> in the fields of <strong>linguistics<\/strong>,<strong> literature<\/strong>,<strong> translation<\/strong>,<strong> literary theory<\/strong>,<strong> reception<\/strong>,<strong> didactics of foreign languages<\/strong>,<strong> history and culture of Italy <\/strong>and<strong> Italian language.<\/strong> It also includes comparative and interdisciplinary approaches, with a particular emphasis on<strong> Italian-Polish cultural contacts<\/strong> established and developed through travel, translation and teaching of Italian in Poland and Polish in Italy.<\/p>\n\n\n\n<p>Language of articles: <strong>Italian<\/strong>.<\/p>\n\n\n\n<p>Individual issues of the magazine are of a thematic nature.<\/p>\n\n\n\n<p>The \u201c<strong>Reviews<\/strong>\u201d section includes a discussion of selected monographs, journals of Italian Studies and related disciplines published in recent years.<\/p>\n\n\n\n<p><strong>Proposals of reviews may be submitted on a continuous basis at\u00a0<a href=\"mailto:italica@uwr.edu.pl\">italica@uwr.edu.pl<\/a>.<\/strong><\/p>\n\n\n\n<p>The \u201cChronicle\u201d section presents the most important scientific events for Italian Studies in Poland (books and periodicals, conferences, degrees and titles obtained by researchers connected with Polish universities).<\/p>\n\n\n\n<p>The journal is issued under a non-exclusive Creative Commons license and distributed in Open Access. From No. 5 all scientific articles and reviews are assigned DOI numbers.<\/p>\n\n\n\n<h2 class=\"bs-naglowek-z-kolorem wp-block-heading\"><strong><strong>Indexed in<\/strong><\/strong><\/h2>\n\n\n\n<p>a) Central and Eastern European Online Library&nbsp;<a href=\"http:\/\/www.ceeol.com\/\">www.ceeol.com<\/a><br>b) The Central European Journal of Social Sciences and Humanities CEJSH&nbsp;<a href=\"http:\/\/cejsh.icm.edu.pl\/\">http:\/\/cejsh.icm.edu.pl<\/a><br>c) EBSCO HOST:&nbsp;<a href=\"http:\/\/www.ebscohost.com\/\">www.ebscohost.com<\/a><br>d) POL-index<br>e) ERIH PLUS<\/p>\n\n\n\n<p><em>Italica Wratislaviensia\u00a0<\/em>is indexed in ICI Journals Master List 2021.<\/p>\n\n\n\n<p>ICV (Index Copernicus Value) 2021 = 100\u00a0<a href=\"https:\/\/journals.indexcopernicus.com\/search\/formjml\">https:\/\/journals.indexcopernicus.com\/search\/formjml<\/a><\/p>\n\n\n\n<p>Points for publication in the journal: <strong>70 <\/strong>&#8211; see the Communication of Minister of Education and Science of 9 February 2021:\u00a0<a href=\"https:\/\/www.gov.pl\/web\/edukacja-i-nauka\/nowy-rozszerzony-wykaz-czasopism-naukowych-i-recenzowanych-materialow-z-konferencji-miedzynarodowych?fbclid=IwAR3ZMYR7VWTOkyBoiqzc4X7Evg2R54UJX9rt-cZBKnox-Gcr-O6rgK2_x0Q\">LINK<\/a><\/p>\n\n\n\n<p><strong>Rivista di classe A <\/strong>per i settori concorsuali dell\u2019<strong>Area 10: 10\/F1<\/strong>: Letteratura italiana, 10\/F2: Letteratura italiana contemporanea, 10\/F3: Linguistica e filologia italiana, 10\/F4: Critica letteraria e letterature comparate)<\/p>\n\n\n\n<p>(Vedi: Elenco delle riviste di Classe A per i Settori Concorsuali dell&#8217;Area 10 &#8211; Valido ai fini del III Quadrimestre ASN 2021-2023 &#8211; pubblicato il 14\/03\/2022)<\/p>\n\n\n\n<h2 class=\"bs-naglowek-z-kolorem wp-block-heading\"><strong><strong>Latest issue:<\/strong><\/strong><\/h2>\n\n\n\n<p><a href=\"https:\/\/uniwroc-my.sharepoint.com\/:b:\/g\/personal\/adam_biernacki_uwr_edu_pl\/EW2xmx29obxGpwtSCgg-KUABwx1nCyjEZ_5MPhkqwzaKgQ?e=M0Kt8c\">Italica Wratislaviensia, 13 (2) Leopardi in Polonia. Letteratura per l&#8217;infanzia<\/a>&nbsp;a cura di Katarzyna Biernacka-Licznar, Ewa Nicewicz e Ma\u0142gorzata \u015alarzy\u0144ska, Wydawnictwo Adam Marsza\u0142ek, Toru\u0144 2022.<\/p>\n<\/div><\/div><\/div><\/div><\/div><\/div>\n<\/div><\/div><\/div><\/div><\/div><\/div>\n","protected":false},"excerpt":{"rendered":"<p>Italica Wratislaviensia is a peer-reviewed scientific journal and it has been biannual since 2017 (it was previously annual). It has been created by researchers in Italian Studies at the Faculty of Philology of the University of Wroclaw and it has been published continuously since 2010. ISSN: 2084-4514e-ISSN: 2450-5943Basic version: printedWydawca: Wydawnictwo Adam Marsza\u0142ek Purpose and [&hellip;]<\/p>\n","protected":false},"author":4320,"featured_media":0,"parent":23973,"menu_order":2,"comment_status":"closed","ping_status":"closed","template":"","meta":{"_acf_changed":false,"inline_featured_image":false,"site-sidebar-layout":"default","site-content-layout":"","ast-site-content-layout":"default","site-content-style":"default","site-sidebar-style":"default","ast-global-header-display":"","ast-banner-title-visibility":"","ast-main-header-display":"","ast-hfb-above-header-display":"","ast-hfb-below-header-display":"","ast-hfb-mobile-header-display":"","site-post-title":"","ast-breadcrumbs-content":"","ast-featured-img":"","footer-sml-layout":"","ast-disable-related-posts":"","theme-transparent-header-meta":"","adv-header-id-meta":"","stick-header-meta":"","header-above-stick-meta":"","header-main-stick-meta":"","header-below-stick-meta":"","astra-migrate-meta-layouts":"default","ast-page-background-enabled":"default","ast-page-background-meta":{"desktop":{"background-color":"","background-image":"","background-repeat":"repeat","background-position":"center center","background-size":"auto","background-attachment":"scroll","background-type":"","background-media":"","overlay-type":"","overlay-color":"","overlay-opacity":"","overlay-gradient":""},"tablet":{"background-color":"","background-image":"","background-repeat":"repeat","background-position":"center center","background-size":"auto","background-attachment":"scroll","background-type":"","background-media":"","overlay-type":"","overlay-color":"","overlay-opacity":"","overlay-gradient":""},"mobile":{"background-color":"","background-image":"","background-repeat":"repeat","background-position":"center center","background-size":"auto","background-attachment":"scroll","background-type":"","background-media":"","overlay-type":"","overlay-color":"","overlay-opacity":"","overlay-gradient":""}},"ast-content-background-meta":{"desktop":{"background-color":"var(--ast-global-color-5)","background-image":"","background-repeat":"repeat","background-position":"center center","background-size":"auto","background-attachment":"scroll","background-type":"","background-media":"","overlay-type":"","overlay-color":"","overlay-opacity":"","overlay-gradient":""},"tablet":{"background-color":"var(--ast-global-color-5)","background-image":"","background-repeat":"repeat","background-position":"center center","background-size":"auto","background-attachment":"scroll","background-type":"","background-media":"","overlay-type":"","overlay-color":"","overlay-opacity":"","overlay-gradient":""},"mobile":{"background-color":"var(--ast-global-color-5)","background-image":"","background-repeat":"repeat","background-position":"center center","background-size":"auto","background-attachment":"scroll","background-type":"","background-media":"","overlay-type":"","overlay-color":"","overlay-opacity":"","overlay-gradient":""}},"footnotes":""},"categories":[],"tags":[],"class_list":["post-39336","page","type-page","status-publish","hentry"],"featured_image_urls_v2":{"full":"","thumbnail":"","medium":"","medium_large":"","large":"","1536x1536":"","2048x2048":"","menu-24x24":"","menu-36x36":"","menu-48x48":""},"post_excerpt_stackable_v2":"<p>Italica Wratislaviensia Italica Wratislaviensia is a peer-reviewed scientific journal and it has been biannual since 2017 (it was previously annual). It has been created by researchers in Italian Studies at the Faculty of Philology of the University of Wroclaw and it has been published continuously since 2010. ISSN: 2084-4514e-ISSN: 2450-5943Basic version: printedWydawca: Wydawnictwo Adam Marsza\u0142ek Purpose and subject matter of the journal: The journal is dedicated to Italian Studies and has a philological character. Its pages are also open to related fields. The journal publishes works by Polish and foreign researchers in the fields of linguistics, literature, translation, literary theory,&hellip;<\/p>\n","category_list_v2":"Uncategorized","author_info_v2":{"name":"laurapillon","url":"https:\/\/ifr.uwr.edu.pl\/en\/author\/s341339\/"},"comments_num_v2":"0 comments","acf":[],"yoast_head":"<!-- This site is optimized with the Yoast SEO plugin v27.1.1 - https:\/\/yoast.com\/product\/yoast-seo-wordpress\/ -->\n<title>Italica Wratislaviensia - Instytut Filologii Roma\u0144skiej<\/title>\n<meta name=\"robots\" content=\"index, follow, max-snippet:-1, max-image-preview:large, max-video-preview:-1\" \/>\n<link rel=\"canonical\" href=\"https:\/\/ifr.uwr.edu.pl\/czasopisma\/italica-wratislaviensia\/\" \/>\n<meta property=\"og:locale\" content=\"en_US\" \/>\n<meta property=\"og:type\" content=\"article\" \/>\n<meta property=\"og:title\" content=\"Italica Wratislaviensia - Instytut Filologii Roma\u0144skiej\" \/>\n<meta property=\"og:description\" content=\"Italica Wratislaviensia is a peer-reviewed scientific journal and it has been biannual since 2017 (it was previously annual). It has been created by researchers in Italian Studies at the Faculty of Philology of the University of Wroclaw and it has been published continuously since 2010. ISSN: 2084-4514e-ISSN: 2450-5943Basic version: printedWydawca: Wydawnictwo Adam Marsza\u0142ek Purpose and [&hellip;]\" \/>\n<meta property=\"og:url\" content=\"https:\/\/ifr.uwr.edu.pl\/czasopisma\/italica-wratislaviensia\/\" \/>\n<meta property=\"og:site_name\" content=\"Instytut Filologii Roma\u0144skiej\" \/>\n<meta property=\"article:modified_time\" content=\"2023-06-12T09:35:09+00:00\" \/>\n<meta property=\"og:image\" content=\"https:\/\/ifr.uwr.edu.pl\/wp-content\/uploads\/sites\/246\/2023\/03\/Italica-Wratislaviensia-1024x305.jpg\" \/>\n<meta name=\"twitter:card\" content=\"summary_large_image\" \/>\n<meta name=\"twitter:label1\" content=\"Est. reading time\" \/>\n\t<meta name=\"twitter:data1\" content=\"3 minutes\" \/>\n<script type=\"application\/ld+json\" class=\"yoast-schema-graph\">{\"@context\":\"https:\/\/schema.org\",\"@graph\":[{\"@type\":\"WebPage\",\"@id\":\"https:\/\/ifr.uwr.edu.pl\/czasopisma\/italica-wratislaviensia\/\",\"url\":\"https:\/\/ifr.uwr.edu.pl\/czasopisma\/italica-wratislaviensia\/\",\"name\":\"Italica Wratislaviensia - Instytut Filologii Roma\u0144skiej\",\"isPartOf\":{\"@id\":\"https:\/\/ifr.uwr.edu.pl\/pl\/#website\"},\"primaryImageOfPage\":{\"@id\":\"https:\/\/ifr.uwr.edu.pl\/czasopisma\/italica-wratislaviensia\/#primaryimage\"},\"image\":{\"@id\":\"https:\/\/ifr.uwr.edu.pl\/czasopisma\/italica-wratislaviensia\/#primaryimage\"},\"thumbnailUrl\":\"https:\/\/ifr.uwr.edu.pl\/wp-content\/uploads\/sites\/246\/2023\/03\/Italica-Wratislaviensia-1024x305.jpg\",\"datePublished\":\"2023-06-12T09:34:59+00:00\",\"dateModified\":\"2023-06-12T09:35:09+00:00\",\"breadcrumb\":{\"@id\":\"https:\/\/ifr.uwr.edu.pl\/czasopisma\/italica-wratislaviensia\/#breadcrumb\"},\"inLanguage\":\"en-US\",\"potentialAction\":[{\"@type\":\"ReadAction\",\"target\":[\"https:\/\/ifr.uwr.edu.pl\/czasopisma\/italica-wratislaviensia\/\"]}]},{\"@type\":\"ImageObject\",\"inLanguage\":\"en-US\",\"@id\":\"https:\/\/ifr.uwr.edu.pl\/czasopisma\/italica-wratislaviensia\/#primaryimage\",\"url\":\"https:\/\/ifr.uwr.edu.pl\/wp-content\/uploads\/sites\/246\/2023\/03\/Italica-Wratislaviensia-1024x305.jpg\",\"contentUrl\":\"https:\/\/ifr.uwr.edu.pl\/wp-content\/uploads\/sites\/246\/2023\/03\/Italica-Wratislaviensia-1024x305.jpg\"},{\"@type\":\"BreadcrumbList\",\"@id\":\"https:\/\/ifr.uwr.edu.pl\/czasopisma\/italica-wratislaviensia\/#breadcrumb\",\"itemListElement\":[{\"@type\":\"ListItem\",\"position\":1,\"name\":\"Strona g\u0142\u00f3wna\",\"item\":\"https:\/\/ifr.uwr.edu.pl\/\"},{\"@type\":\"ListItem\",\"position\":2,\"name\":\"CZASOPISMA\",\"item\":\"https:\/\/ifr.uwr.edu.pl\/pl\/czasopisma\/\"},{\"@type\":\"ListItem\",\"position\":3,\"name\":\"Italica Wratislaviensia\"}]},{\"@type\":\"WebSite\",\"@id\":\"https:\/\/ifr.uwr.edu.pl\/pl\/#website\",\"url\":\"https:\/\/ifr.uwr.edu.pl\/pl\/\",\"name\":\"Instytut Filologii Roma\u0144skiej\",\"description\":\"Kolejna witryna sieci \u201eUWR Witryny\u201d\",\"publisher\":{\"@id\":\"https:\/\/ifr.uwr.edu.pl\/pl\/#organization\"},\"potentialAction\":[{\"@type\":\"SearchAction\",\"target\":{\"@type\":\"EntryPoint\",\"urlTemplate\":\"https:\/\/ifr.uwr.edu.pl\/pl\/?s={search_term_string}\"},\"query-input\":{\"@type\":\"PropertyValueSpecification\",\"valueRequired\":true,\"valueName\":\"search_term_string\"}}],\"inLanguage\":\"en-US\"},{\"@type\":\"Organization\",\"@id\":\"https:\/\/ifr.uwr.edu.pl\/pl\/#organization\",\"name\":\"Instytut Filologii Roma\u0144skiej\",\"url\":\"https:\/\/ifr.uwr.edu.pl\/pl\/\",\"logo\":{\"@type\":\"ImageObject\",\"inLanguage\":\"en-US\",\"@id\":\"https:\/\/ifr.uwr.edu.pl\/pl\/#\/schema\/logo\/image\/\",\"url\":\"https:\/\/ifr.uwr.edu.pl\/wp-content\/uploads\/sites\/246\/2025\/10\/cropped-UWr-logotyp-2025.png\",\"contentUrl\":\"https:\/\/ifr.uwr.edu.pl\/wp-content\/uploads\/sites\/246\/2025\/10\/cropped-UWr-logotyp-2025.png\",\"width\":764,\"height\":269,\"caption\":\"Instytut Filologii Roma\u0144skiej\"},\"image\":{\"@id\":\"https:\/\/ifr.uwr.edu.pl\/pl\/#\/schema\/logo\/image\/\"}}]}<\/script>\n<!-- \/ Yoast SEO plugin. -->","yoast_head_json":{"title":"Italica Wratislaviensia - Instytut Filologii Roma\u0144skiej","robots":{"index":"index","follow":"follow","max-snippet":"max-snippet:-1","max-image-preview":"max-image-preview:large","max-video-preview":"max-video-preview:-1"},"canonical":"https:\/\/ifr.uwr.edu.pl\/czasopisma\/italica-wratislaviensia\/","og_locale":"en_US","og_type":"article","og_title":"Italica Wratislaviensia - Instytut Filologii Roma\u0144skiej","og_description":"Italica Wratislaviensia is a peer-reviewed scientific journal and it has been biannual since 2017 (it was previously annual). It has been created by researchers in Italian Studies at the Faculty of Philology of the University of Wroclaw and it has been published continuously since 2010. ISSN: 2084-4514e-ISSN: 2450-5943Basic version: printedWydawca: Wydawnictwo Adam Marsza\u0142ek Purpose and [&hellip;]","og_url":"https:\/\/ifr.uwr.edu.pl\/czasopisma\/italica-wratislaviensia\/","og_site_name":"Instytut Filologii Roma\u0144skiej","article_modified_time":"2023-06-12T09:35:09+00:00","og_image":[{"url":"https:\/\/ifr.uwr.edu.pl\/wp-content\/uploads\/sites\/246\/2023\/03\/Italica-Wratislaviensia-1024x305.jpg","type":"","width":"","height":""}],"twitter_card":"summary_large_image","twitter_misc":{"Est. reading time":"3 minutes"},"schema":{"@context":"https:\/\/schema.org","@graph":[{"@type":"WebPage","@id":"https:\/\/ifr.uwr.edu.pl\/czasopisma\/italica-wratislaviensia\/","url":"https:\/\/ifr.uwr.edu.pl\/czasopisma\/italica-wratislaviensia\/","name":"Italica Wratislaviensia - Instytut Filologii Roma\u0144skiej","isPartOf":{"@id":"https:\/\/ifr.uwr.edu.pl\/pl\/#website"},"primaryImageOfPage":{"@id":"https:\/\/ifr.uwr.edu.pl\/czasopisma\/italica-wratislaviensia\/#primaryimage"},"image":{"@id":"https:\/\/ifr.uwr.edu.pl\/czasopisma\/italica-wratislaviensia\/#primaryimage"},"thumbnailUrl":"https:\/\/ifr.uwr.edu.pl\/wp-content\/uploads\/sites\/246\/2023\/03\/Italica-Wratislaviensia-1024x305.jpg","datePublished":"2023-06-12T09:34:59+00:00","dateModified":"2023-06-12T09:35:09+00:00","breadcrumb":{"@id":"https:\/\/ifr.uwr.edu.pl\/czasopisma\/italica-wratislaviensia\/#breadcrumb"},"inLanguage":"en-US","potentialAction":[{"@type":"ReadAction","target":["https:\/\/ifr.uwr.edu.pl\/czasopisma\/italica-wratislaviensia\/"]}]},{"@type":"ImageObject","inLanguage":"en-US","@id":"https:\/\/ifr.uwr.edu.pl\/czasopisma\/italica-wratislaviensia\/#primaryimage","url":"https:\/\/ifr.uwr.edu.pl\/wp-content\/uploads\/sites\/246\/2023\/03\/Italica-Wratislaviensia-1024x305.jpg","contentUrl":"https:\/\/ifr.uwr.edu.pl\/wp-content\/uploads\/sites\/246\/2023\/03\/Italica-Wratislaviensia-1024x305.jpg"},{"@type":"BreadcrumbList","@id":"https:\/\/ifr.uwr.edu.pl\/czasopisma\/italica-wratislaviensia\/#breadcrumb","itemListElement":[{"@type":"ListItem","position":1,"name":"Strona g\u0142\u00f3wna","item":"https:\/\/ifr.uwr.edu.pl\/"},{"@type":"ListItem","position":2,"name":"CZASOPISMA","item":"https:\/\/ifr.uwr.edu.pl\/pl\/czasopisma\/"},{"@type":"ListItem","position":3,"name":"Italica Wratislaviensia"}]},{"@type":"WebSite","@id":"https:\/\/ifr.uwr.edu.pl\/pl\/#website","url":"https:\/\/ifr.uwr.edu.pl\/pl\/","name":"Instytut Filologii Roma\u0144skiej","description":"Kolejna witryna sieci \u201eUWR Witryny\u201d","publisher":{"@id":"https:\/\/ifr.uwr.edu.pl\/pl\/#organization"},"potentialAction":[{"@type":"SearchAction","target":{"@type":"EntryPoint","urlTemplate":"https:\/\/ifr.uwr.edu.pl\/pl\/?s={search_term_string}"},"query-input":{"@type":"PropertyValueSpecification","valueRequired":true,"valueName":"search_term_string"}}],"inLanguage":"en-US"},{"@type":"Organization","@id":"https:\/\/ifr.uwr.edu.pl\/pl\/#organization","name":"Instytut Filologii Roma\u0144skiej","url":"https:\/\/ifr.uwr.edu.pl\/pl\/","logo":{"@type":"ImageObject","inLanguage":"en-US","@id":"https:\/\/ifr.uwr.edu.pl\/pl\/#\/schema\/logo\/image\/","url":"https:\/\/ifr.uwr.edu.pl\/wp-content\/uploads\/sites\/246\/2025\/10\/cropped-UWr-logotyp-2025.png","contentUrl":"https:\/\/ifr.uwr.edu.pl\/wp-content\/uploads\/sites\/246\/2025\/10\/cropped-UWr-logotyp-2025.png","width":764,"height":269,"caption":"Instytut Filologii Roma\u0144skiej"},"image":{"@id":"https:\/\/ifr.uwr.edu.pl\/pl\/#\/schema\/logo\/image\/"}}]}},"publishpress_future_action":{"enabled":false,"date":"2026-04-12 13:20:03","action":"change-status","newStatus":"draft","terms":[],"taxonomy":"category","extraData":[]},"publishpress_future_workflow_manual_trigger":{"enabledWorkflows":[]},"_links":{"self":[{"href":"https:\/\/ifr.uwr.edu.pl\/en\/wp-json\/wp\/v2\/pages\/39336\/"}],"collection":[{"href":"https:\/\/ifr.uwr.edu.pl\/en\/wp-json\/wp\/v2\/pages\/"}],"about":[{"href":"https:\/\/ifr.uwr.edu.pl\/en\/wp-json\/wp\/v2\/types\/page\/"}],"author":[{"embeddable":true,"href":"https:\/\/ifr.uwr.edu.pl\/en\/wp-json\/wp\/v2\/users\/4320\/"}],"replies":[{"embeddable":true,"href":"https:\/\/ifr.uwr.edu.pl\/en\/wp-json\/wp\/v2\/comments\/?post=39336"}],"version-history":[{"count":5,"href":"https:\/\/ifr.uwr.edu.pl\/en\/wp-json\/wp\/v2\/pages\/39336\/revisions\/"}],"predecessor-version":[{"id":39738,"href":"https:\/\/ifr.uwr.edu.pl\/en\/wp-json\/wp\/v2\/pages\/39336\/revisions\/39738\/"}],"up":[{"embeddable":true,"href":"https:\/\/ifr.uwr.edu.pl\/en\/wp-json\/wp\/v2\/pages\/23973\/"}],"wp:attachment":[{"href":"https:\/\/ifr.uwr.edu.pl\/en\/wp-json\/wp\/v2\/media\/?parent=39336"}],"wp:term":[{"taxonomy":"category","embeddable":true,"href":"https:\/\/ifr.uwr.edu.pl\/en\/wp-json\/wp\/v2\/categories\/?post=39336"},{"taxonomy":"post_tag","embeddable":true,"href":"https:\/\/ifr.uwr.edu.pl\/en\/wp-json\/wp\/v2\/tags\/?post=39336"}],"curies":[{"name":"wp","href":"https:\/\/api.w.org\/{rel}","templated":true}]}}